{"id":7,"date":"2024-08-08T10:39:08","date_gmt":"2024-08-08T08:39:08","guid":{"rendered":"https:\/\/gratis-erotik.com\/erotikkontakte-bayern\/?page_id=7"},"modified":"2025-05-02T08:00:39","modified_gmt":"2025-05-02T06:00:39","slug":"erotikkontakte-bayern","status":"publish","type":"page","link":"https:\/\/gratis-erotik.com\/erotikkontakte-bayern\/","title":{"rendered":"Erotikkontakte Bayern"},"content":{"rendered":"\n<h2 class=\"wp-block-heading\">Find in Bayern gute Erotik Kontakte<\/h2>\n\n\n\n<p>Viele fragen sich immer, wo in Bayern man nette Frauen kennenlernen kann, ohne aufs Oktoberfest zu warten. Die Frage ist nicht f\u00fcr alle gleich zu beantworten, aber wir werden versuchen euch hier einige Stellen zu zeigen, wo man online Bayern Kontakte findet. Orte, wo aufregende Weiber einsam auf eine Nachricht warten und gerne mit euch chatten w\u00fcrden. Wir hier von gratis Erotik bereisen Bayern des \u00d6fteren und kennen einige M\u00f6glichkeiten f\u00fcr versaute Erotikkontakte. Bayern hat diesbez\u00fcglich sehr viel zu bieten und wir wollen euch hier zeigen, wo ihr anfangen solltet. Erotikkontakte Bayern zeigt euch die besten Sexanzeigen und wo ihr Kontakte zu hei\u00dfen Weibern findet. <\/p>\n\n\n\n<a class=\"maxbutton-2 maxbutton maxbutton-bayern2\" href=\"https:\/\/gratis-erotik.com\/erotikkontakte-bayern\/\"><span class='mb-text'>Erotische Kontakte aus Bayern zu einsamen Frauen &gt;&gt;<\/span><\/a>\n\n\n\n<h3 class=\"wp-block-heading\">Erotikanzeigen von Frauen in Bayern<\/h3>\n\n\n\n<p>Jeder kennt die Online-Portale, wo man erotische Anzeigen schalten kann, um sich mit einer netten Dame zu verabreden. Wo einem aufregende Ladys den Tag vers\u00fc\u00dfen und sich dabei nicht mal anstrengen m\u00fcssen. Wir reden hier nicht von Cybersex Chats wo man mit hei\u00dfen Frauen live chattet, sondern zeigen euch wie man <strong><a href=\"https:\/\/www.sex-kontakte.cc\/sexkontakte-muenchen\/\">reale Frauen in M\u00fcnchen<\/a><\/strong> f\u00fcr schnellen Sex trifft. Dabei ist nicht nur M\u00fcnchen und die anderen gro\u00dfen St\u00e4dte in Bayern gemeint, wir reden da auch vom Umland, wenn wir \u00fcber Sextreffen schreiben.<\/p>\n\n\n\n<h3 class=\"wp-block-heading\">Bierg\u00e4rten zum Frauen kennenlernen<\/h3>\n\n\n\n<p>Viele denken immer, die Bierg\u00e4rten sind der perfekte Platz zum Frauen kennenlernen und treffen. Leider ist dem nicht so, wenn wir von den gro\u00dfen Bier-Festen absehen. Die Bierg\u00e4rten sind eher ein Platz, wo man mit der ganzen Familie hingeht und wo man Single Frauen eigentlich \u00fcberhaupt nicht trifft. Verschwendet eure Zeit nicht damit, in den Bierg\u00e4rten nach einsamen Frauen Ausschau zu halten. Das ist Zeitverschwendung allererster G\u00fcte. <\/p>\n\n\n\n<a class=\"maxbutton-1 maxbutton maxbutton-bayern1\" rel=\"nofollow noopener\" href=\"https:\/\/gratis-erotik.com\/erotikkontakte-bayern\/\"><span class='mb-text'>Finde hier Sex Anzeigen zu h\u00fcbschen Frauen aus Bayern &gt;&gt;<\/span><\/a>\n\n\n\n<h3 class=\"wp-block-heading\">Erotische Kontakte zu einsamen Frauen<\/h3>\n\n\n\n<p>Der wohl einfachste Weg um <strong><a href=\"https:\/\/www.erotik-kontakte.cc\/\">erotische Kontakte aufzubauen<\/a><\/strong> sind wohl Online Sex Inserate, die viele h\u00fcbsche Frauen mittlerweile online schalten. Mit gezielten Suchen findet man da ganz schnell eine passende Fickpartnerin f\u00fcr eine versaute Zeit zu zweit. Wichtig, wenn ihr mit einer H\u00fcbschen kommuniziert, dass ihr hinterfragt, was ihre sexuellen Interessen sind, dass es keine \u00dcberraschungen gibt beim ersten Sextreffen. Bayern hat viel zu bieten an geilen Weibern, aber nat\u00fcrlich sind zwischen all den geilen Frauen auch, welche, denen es nur ums Geld geht und bezahlt werden wollen. Aber auf bezahlbare Hobbynutten wollen wir hier nicht eingehen. Solche Fickschlampen, die es f\u00fcrs Geld machen, gibt es in jeder Stadt. Wenn ihr also in den Sex Inseraten st\u00f6bert, immer erst schauen, was die Weiber genau wollen.<\/p>\n\n\n\n<h3 class=\"wp-block-heading\">M\u00fcnchen Sex Kontakt Anzeigen<\/h3>\n\n\n\n<p>Wer in M\u00fcnchen nach Sex Kontakt Anzeigen sucht, findet er unheimlich viele h\u00fcbsche Single Frauen, die sich nach einem Mann sehnen. Bereit f\u00fcr einen Seitensprung oder auch nur einmalige sexuelle Begegnungen. Die aufreizenden Frauen wollen nur ihre sexuellen Bed\u00fcrfnisse befriedigt haben und sind bereit, viel daf\u00fcr zu geben. Diese hei\u00dfen Weiber sind nicht auf der Suche nach einer dauerhaften Beziehung, sondern wollen nur schlichten einfachen Sex mit einem Partner, der sich nicht binden mag. <\/p>\n\n\n\n<a class=\"maxbutton-3 maxbutton maxbutton-bayern3\" href=\"https:\/\/gratis-erotik.com\/erotikkontakte-bayern\/\"><span class='mb-text'>Hier Erotik Kontakte aus M\u00fcnchen &gt;&gt;<\/span><\/a>\n\n\n\n<h3 class=\"wp-block-heading\">Woran erkennt man gute Erotik Kontakte<\/h3>\n\n\n\n<p>Die Frage, wo man gute Erotikkontakte erkennt, ist mit Sicherheit eine der am schwierigsten zu beschreibende Aufgabe, die es gibt. Wir als Team von gratis Erotik haben schon endlos viele kostenlose Sexanzeigen und Erotikkontakte Bayern angeschaut und mit der Zeit erkennt man irgendwie die faulen Eier zwischen all den guten Erotikanzeigen. Mit eins der sichersten Anzeichen, dass man eine Nutten Erotikanzeige erwischt hat, wenn das Wort Taschengeld f\u00e4llt. Wenn Geldforderungen allgemein gestellt werden, stecken da zu 90 % Hobbynutten dahinter. Wie auch immer, es gibt eigentlich genug attraktive Weiber, die auch ohne finanzielles Interesse an einem Fick interessiert sind. Lasst euch nicht auf Taschengeld Sex ein, den ihr k\u00f6nnt euer hart erarbeitetes Geld besser investieren. <\/p>\n\n\n\n<blockquote class=\"wp-block-quote is-layout-flow wp-block-quote-is-layout-flow\">\n<p>Erotikkontakte Bayern bietet eine Vielzahl an erotischen Kontaktanzeigen<\/p>\n<\/blockquote>\n\n\n\n<h3 class=\"wp-block-heading\">Sind bayerische Frauen f\u00fcr offene Beziehungen zu haben<\/h3>\n\n\n\n<p>Viele suchen gerne Frauen, mit denen sie eine langfristige, offene Beziehung starten k\u00f6nnen. Die Tendenz in den letzten Jahren geht gerade bei den j\u00fcngeren Frauen immer mehr in diese Richtung. Zumindest steigt der Prozentsatz der Frauen, die man \u00f6fters besuchen kann, immer mehr an. Wenn ihr also in den Erotikkontakten aus Bayern in Anzeigen lest, dass die Damen eurer Wahl auch f\u00fcr offene Beziehungen zu haben sind, liegt es an euch, ob ihr daf\u00fcr bereit seid. Nicht jeder mag es und vielen ist es eventuell auch l\u00e4stig. Jeder sexy Frau tickt anders und bei den bayerischen Weibern ist das nicht viel anders. <\/p>\n","protected":false},"excerpt":{"rendered":"<p>Find in Bayern gute Erotik Kontakte Viele fragen sich immer, wo in Bayern man nette Frauen kennenlernen kann, ohne aufs Oktoberfest zu warten. Die Frage ist nicht f\u00fcr alle gleich zu beantworten, aber wir werden versuchen euch hier einige Stellen zu zeigen, wo man online Bayern Kontakte findet. Orte, wo aufregende Weiber einsam auf eine [&hellip;]<\/p>\n","protected":false},"author":1,"featured_media":0,"parent":0,"menu_order":0,"comment_status":"closed","ping_status":"closed","template":"","meta":{"footnotes":""},"class_list":["post-7","page","type-page","status-publish","hentry","entry"],"yoast_head":"<!-- This site is optimized with the Yoast SEO plugin v27.5 - https:\/\/yoast.com\/product\/yoast-seo-wordpress\/ -->\n<title>Erotikkontakte Bayern - Erotikkontakte Bayern<\/title>\n<meta name=\"robots\" content=\"index, follow, max-snippet:-1, max-image-preview:large, max-video-preview:-1\" \/>\n<link rel=\"canonical\" href=\"https:\/\/gratis-erotik.com\/erotikkontakte-bayern\/\" \/>\n<meta property=\"og:locale\" content=\"de_DE\" \/>\n<meta property=\"og:type\" content=\"article\" \/>\n<meta property=\"og:title\" content=\"Erotikkontakte Bayern - Erotikkontakte Bayern\" \/>\n<meta property=\"og:description\" content=\"Find in Bayern gute Erotik Kontakte Viele fragen sich immer, wo in Bayern man nette Frauen kennenlernen kann, ohne aufs Oktoberfest zu warten. Die Frage ist nicht f\u00fcr alle gleich zu beantworten, aber wir werden versuchen euch hier einige Stellen zu zeigen, wo man online Bayern Kontakte findet. Orte, wo aufregende Weiber einsam auf eine [&hellip;]\" \/>\n<meta property=\"og:url\" content=\"https:\/\/gratis-erotik.com\/erotikkontakte-bayern\/\" \/>\n<meta property=\"og:site_name\" content=\"Erotikkontakte Bayern\" \/>\n<meta property=\"article:modified_time\" content=\"2025-05-02T06:00:39+00:00\" \/>\n<meta name=\"twitter:card\" content=\"summary_large_image\" \/>\n<meta name=\"twitter:label1\" content=\"Gesch\u00e4tzte Lesezeit\" \/>\n\t<meta name=\"twitter:data1\" content=\"4\u00a0Minuten\" \/>\n<script type=\"application\/ld+json\" class=\"yoast-schema-graph\">{\"@context\":\"https:\\\/\\\/schema.org\",\"@graph\":[{\"@type\":\"WebPage\",\"@id\":\"https:\\\/\\\/gratis-erotik.com\\\/erotikkontakte-bayern\\\/\",\"url\":\"https:\\\/\\\/gratis-erotik.com\\\/erotikkontakte-bayern\\\/\",\"name\":\"Erotikkontakte Bayern - Erotikkontakte Bayern\",\"isPartOf\":{\"@id\":\"https:\\\/\\\/gratis-erotik.com\\\/erotikkontakte-bayern\\\/#website\"},\"datePublished\":\"2024-08-08T08:39:08+00:00\",\"dateModified\":\"2025-05-02T06:00:39+00:00\",\"breadcrumb\":{\"@id\":\"https:\\\/\\\/gratis-erotik.com\\\/erotikkontakte-bayern\\\/#breadcrumb\"},\"inLanguage\":\"de\",\"potentialAction\":[{\"@type\":\"ReadAction\",\"target\":[\"https:\\\/\\\/gratis-erotik.com\\\/erotikkontakte-bayern\\\/\"]}]},{\"@type\":\"BreadcrumbList\",\"@id\":\"https:\\\/\\\/gratis-erotik.com\\\/erotikkontakte-bayern\\\/#breadcrumb\",\"itemListElement\":[{\"@type\":\"ListItem\",\"position\":1,\"name\":\"Startseite\",\"item\":\"https:\\\/\\\/gratis-erotik.com\\\/erotikkontakte-bayern\\\/\"},{\"@type\":\"ListItem\",\"position\":2,\"name\":\"Erotikkontakte Bayern\"}]},{\"@type\":\"WebSite\",\"@id\":\"https:\\\/\\\/gratis-erotik.com\\\/erotikkontakte-bayern\\\/#website\",\"url\":\"https:\\\/\\\/gratis-erotik.com\\\/erotikkontakte-bayern\\\/\",\"name\":\"Erotikkontakte Bayern\",\"description\":\"Erotische Kontakte und Sex Treffen\",\"potentialAction\":[{\"@type\":\"SearchAction\",\"target\":{\"@type\":\"EntryPoint\",\"urlTemplate\":\"https:\\\/\\\/gratis-erotik.com\\\/erotikkontakte-bayern\\\/?s={search_term_string}\"},\"query-input\":{\"@type\":\"PropertyValueSpecification\",\"valueRequired\":true,\"valueName\":\"search_term_string\"}}],\"inLanguage\":\"de\"}]}<\/script>\n<!-- \/ Yoast SEO plugin. -->","yoast_head_json":{"title":"Erotikkontakte Bayern - Erotikkontakte Bayern","robots":{"index":"index","follow":"follow","max-snippet":"max-snippet:-1","max-image-preview":"max-image-preview:large","max-video-preview":"max-video-preview:-1"},"canonical":"https:\/\/gratis-erotik.com\/erotikkontakte-bayern\/","og_locale":"de_DE","og_type":"article","og_title":"Erotikkontakte Bayern - Erotikkontakte Bayern","og_description":"Find in Bayern gute Erotik Kontakte Viele fragen sich immer, wo in Bayern man nette Frauen kennenlernen kann, ohne aufs Oktoberfest zu warten. Die Frage ist nicht f\u00fcr alle gleich zu beantworten, aber wir werden versuchen euch hier einige Stellen zu zeigen, wo man online Bayern Kontakte findet. Orte, wo aufregende Weiber einsam auf eine [&hellip;]","og_url":"https:\/\/gratis-erotik.com\/erotikkontakte-bayern\/","og_site_name":"Erotikkontakte Bayern","article_modified_time":"2025-05-02T06:00:39+00:00","twitter_card":"summary_large_image","twitter_misc":{"Gesch\u00e4tzte Lesezeit":"4\u00a0Minuten"},"schema":{"@context":"https:\/\/schema.org","@graph":[{"@type":"WebPage","@id":"https:\/\/gratis-erotik.com\/erotikkontakte-bayern\/","url":"https:\/\/gratis-erotik.com\/erotikkontakte-bayern\/","name":"Erotikkontakte Bayern - Erotikkontakte Bayern","isPartOf":{"@id":"https:\/\/gratis-erotik.com\/erotikkontakte-bayern\/#website"},"datePublished":"2024-08-08T08:39:08+00:00","dateModified":"2025-05-02T06:00:39+00:00","breadcrumb":{"@id":"https:\/\/gratis-erotik.com\/erotikkontakte-bayern\/#breadcrumb"},"inLanguage":"de","potentialAction":[{"@type":"ReadAction","target":["https:\/\/gratis-erotik.com\/erotikkontakte-bayern\/"]}]},{"@type":"BreadcrumbList","@id":"https:\/\/gratis-erotik.com\/erotikkontakte-bayern\/#breadcrumb","itemListElement":[{"@type":"ListItem","position":1,"name":"Startseite","item":"https:\/\/gratis-erotik.com\/erotikkontakte-bayern\/"},{"@type":"ListItem","position":2,"name":"Erotikkontakte Bayern"}]},{"@type":"WebSite","@id":"https:\/\/gratis-erotik.com\/erotikkontakte-bayern\/#website","url":"https:\/\/gratis-erotik.com\/erotikkontakte-bayern\/","name":"Erotikkontakte Bayern","description":"Erotische Kontakte und Sex Treffen","potentialAction":[{"@type":"SearchAction","target":{"@type":"EntryPoint","urlTemplate":"https:\/\/gratis-erotik.com\/erotikkontakte-bayern\/?s={search_term_string}"},"query-input":{"@type":"PropertyValueSpecification","valueRequired":true,"valueName":"search_term_string"}}],"inLanguage":"de"}]}},"_links":{"self":[{"href":"https:\/\/gratis-erotik.com\/erotikkontakte-bayern\/wp-json\/wp\/v2\/pages\/7","targetHints":{"allow":["GET"]}}],"collection":[{"href":"https:\/\/gratis-erotik.com\/erotikkontakte-bayern\/wp-json\/wp\/v2\/pages"}],"about":[{"href":"https:\/\/gratis-erotik.com\/erotikkontakte-bayern\/wp-json\/wp\/v2\/types\/page"}],"author":[{"embeddable":true,"href":"https:\/\/gratis-erotik.com\/erotikkontakte-bayern\/wp-json\/wp\/v2\/users\/1"}],"replies":[{"embeddable":true,"href":"https:\/\/gratis-erotik.com\/erotikkontakte-bayern\/wp-json\/wp\/v2\/comments?post=7"}],"version-history":[{"count":20,"href":"https:\/\/gratis-erotik.com\/erotikkontakte-bayern\/wp-json\/wp\/v2\/pages\/7\/revisions"}],"predecessor-version":[{"id":47,"href":"https:\/\/gratis-erotik.com\/erotikkontakte-bayern\/wp-json\/wp\/v2\/pages\/7\/revisions\/47"}],"wp:attachment":[{"href":"https:\/\/gratis-erotik.com\/erotikkontakte-bayern\/wp-json\/wp\/v2\/media?parent=7"}],"curies":[{"name":"wp","href":"https:\/\/api.w.org\/{rel}","templated":true}]}}