{"id":7,"date":"2024-08-12T04:18:03","date_gmt":"2024-08-12T02:18:03","guid":{"rendered":"https:\/\/gratis-erotik.com\/hobbynutten-kontakte\/?page_id=7"},"modified":"2025-05-02T08:14:11","modified_gmt":"2025-05-02T06:14:11","slug":"hobbynutten-kontakte","status":"publish","type":"page","link":"https:\/\/gratis-erotik.com\/hobbynutten-kontakte\/","title":{"rendered":"Hobbynutten Kontakte"},"content":{"rendered":"\n<h2 class=\"wp-block-heading\">Sexanzeigen und Hobbynutten Sexkontakte<\/h2>\n\n\n\n<p>Wir von gratis Erotik haben nat\u00fcrlich auch Hobbynutten Kontakte. Bei unseren Reisen durch Deutschland hat man nicht immer die Zeit sich durch unz\u00e4hlige Sexanzeigen zu st\u00f6bern, damit eine private Dame f\u00fcr Taschengeld Sex findet. Die meisten aus unserem Team weichen dann auf sexy Hobbynutten, aus, die zwar alle mit einem Taschengeld bezahlt werden wollen. Aber was ist schon umsonst heutzutage. Und mal ehrlich investiere mein Erspartes lieber in eine naturgeile Hobbynutte, als es bei der Bank liegenzulassen.   Man will ja schlie\u00dflich leben. <\/p>\n\n\n\n<p>Es ist nicht immer einfach, Hobbynutten in Deiner N\u00e4he zu finden. Selbst wenn man extrem viele Sexanzeigen durchliest. Vor allem nicht, wenn man die Latte hoch ansetzt und nur h\u00fcbsche Weiber in Betracht zieht. Ihr seht schon, ihr m\u00fcsst viele <strong><a href=\"https:\/\/www.sexkontakte-dortmund.net\/\">Erotik Annoncen durchlesen<\/a><\/strong>, bevor ihr etwas Passendes zum Ficken in Eurer N\u00e4he findet.<\/p>\n\n\n\n<a class=\"maxbutton-1 maxbutton maxbutton-hobbynutten2\" href=\"https:\/\/gratis-erotik.com\/hobbynutten\/\"><span class='mb-text'>Taschengeld Kontakte zu geilen Hobbynutten --&gt;&gt;<\/span><\/a>\n\n\n\n<p><\/p>\n\n\n\n<h3 class=\"wp-block-heading\">Wo findet man Kontakte zu Hobbynutten?<\/h3>\n\n\n\n<p>Der einfachste Weg um Kontakte zu Hobbynutten zu finden ist nach wie vor sich online durch <strong><a href=\"https:\/\/www.aosexkontakte.com\/kontaktanzeigen\/tag\/ao-nutten\/\">Sexkontakt Anzeigen<\/a><\/strong> zu lesen. Und wann immer ihr da aufregende Weiber findet, die f\u00fcr alles und jedes Alter zu haben sind, seit ihr auf dem richtigen Weg. N\u00e4chstes fast sichere Anzeichen eine Hobbyhure ist, dass der Satz oder das K\u00fcrzel KFI (kein finanzielles Interesse) g\u00e4nzlich fehlt. Die meisten Sexkontakt-Portale erlauben keine &#8222;Sex f\u00fcr Geld Anzeigen&#8220;. Wer also das eigentlich immer vorhandene KFI wegl\u00e4sst, ist im Umkehrschluss daf\u00fcr zu haben.<\/p>\n\n\n\n<p>Bei den meisten von uns vorgestellten Portalen f\u00fcr Hobbynutten Sexanzeigen braucht ihr nur nach Bundesland oder Stadt zu filtern, um so die Anzahl der Hobbynutten Kontakte auf Deine Auswahl einzuschr\u00e4nken. St\u00f6bere in den Hobbynutten Anzeigen und finde so <a href=\"https:\/\/gratis-erotik.com\/berlin-sexkontakte\/\"><strong>geile Erotik Treffen<\/strong><\/a>, wo Hobbyhuren Dich verw\u00f6hnen. Du wirst \u00fcberrascht sein \u00fcber die Menge an Hobbynutten Sexanzeigen, welche auf den vorgestellten Portalen zu finden sind.<\/p>\n\n\n\n<a class=\"maxbutton-2 maxbutton maxbutton-hobbynutten3\" href=\"https:\/\/gratis-erotik.com\/hobbynutten\/\"><span class='mb-text'>Hier Hobbynutten aus deiner Umgebung --&gt;&gt;<\/span><\/a>\n\n\n\n<p>Leider haben nicht alle <a href=\"https:\/\/gratis-erotik.com\/erotikkontakte-bayern\/\"><strong>erotischen Annoncen<\/strong><\/a> auch die Handynummer der Sexnutten. Das w\u00e4re zwar optimal, um kurzfristig Kontakt zu den Hobbynutten aufzunehmen! Aber man kann nicht immer alles haben. Aus Erfahrung wissen wir das ihr nach sp\u00e4testens 2-3 stunden auch eine Antwort mit Telefonnummer habt. Wichtig ist doch eigentlich nur, dass man den Kontakt zur Muschi noch am selben Tag hinbekommt. \u00dcberwiegend kannst Du auch selbst eine Anzeige zur Kontakt-Suche aufgeben.<\/p>\n\n\n\n<a class=\"maxbutton-3 maxbutton maxbutton-hobbynutten1\" href=\"https:\/\/gratis-erotik.com\/hobbynutten\/\"><span class='mb-text'>Hier Sextreffen mit Hobbynutten --&gt;&gt;<\/span><\/a>\n","protected":false},"excerpt":{"rendered":"<p>Sexanzeigen und Hobbynutten Sexkontakte Wir von gratis Erotik haben nat\u00fcrlich auch Hobbynutten Kontakte. Bei unseren Reisen durch Deutschland hat man nicht immer die Zeit sich durch unz\u00e4hlige Sexanzeigen zu st\u00f6bern, damit eine private Dame f\u00fcr Taschengeld Sex findet. Die meisten aus unserem Team weichen dann auf sexy Hobbynutten, aus, die zwar alle mit einem Taschengeld [&hellip;]<\/p>\n","protected":false},"author":1,"featured_media":0,"parent":0,"menu_order":0,"comment_status":"closed","ping_status":"closed","template":"","meta":{"footnotes":""},"class_list":["post-7","page","type-page","status-publish","hentry","entry"],"yoast_head":"<!-- This site is optimized with the Yoast SEO plugin v27.5 - https:\/\/yoast.com\/product\/yoast-seo-wordpress\/ -->\n<title>Hobbynutten Kontakte - Hobbynutten Kontakte<\/title>\n<meta name=\"robots\" content=\"index, follow, max-snippet:-1, max-image-preview:large, max-video-preview:-1\" \/>\n<link rel=\"canonical\" href=\"https:\/\/gratis-erotik.com\/hobbynutten-kontakte\/\" \/>\n<meta property=\"og:locale\" content=\"de_DE\" \/>\n<meta property=\"og:type\" content=\"article\" \/>\n<meta property=\"og:title\" content=\"Hobbynutten Kontakte - Hobbynutten Kontakte\" \/>\n<meta property=\"og:description\" content=\"Sexanzeigen und Hobbynutten Sexkontakte Wir von gratis Erotik haben nat\u00fcrlich auch Hobbynutten Kontakte. Bei unseren Reisen durch Deutschland hat man nicht immer die Zeit sich durch unz\u00e4hlige Sexanzeigen zu st\u00f6bern, damit eine private Dame f\u00fcr Taschengeld Sex findet. Die meisten aus unserem Team weichen dann auf sexy Hobbynutten, aus, die zwar alle mit einem Taschengeld [&hellip;]\" \/>\n<meta property=\"og:url\" content=\"https:\/\/gratis-erotik.com\/hobbynutten-kontakte\/\" \/>\n<meta property=\"og:site_name\" content=\"Hobbynutten Kontakte\" \/>\n<meta property=\"article:modified_time\" content=\"2025-05-02T06:14:11+00:00\" \/>\n<meta name=\"twitter:card\" content=\"summary_large_image\" \/>\n<meta name=\"twitter:label1\" content=\"Gesch\u00e4tzte Lesezeit\" \/>\n\t<meta name=\"twitter:data1\" content=\"3\u00a0Minuten\" \/>\n<script type=\"application\/ld+json\" class=\"yoast-schema-graph\">{\"@context\":\"https:\\\/\\\/schema.org\",\"@graph\":[{\"@type\":\"WebPage\",\"@id\":\"https:\\\/\\\/gratis-erotik.com\\\/hobbynutten-kontakte\\\/\",\"url\":\"https:\\\/\\\/gratis-erotik.com\\\/hobbynutten-kontakte\\\/\",\"name\":\"Hobbynutten Kontakte - Hobbynutten Kontakte\",\"isPartOf\":{\"@id\":\"https:\\\/\\\/gratis-erotik.com\\\/hobbynutten-kontakte\\\/#website\"},\"datePublished\":\"2024-08-12T02:18:03+00:00\",\"dateModified\":\"2025-05-02T06:14:11+00:00\",\"breadcrumb\":{\"@id\":\"https:\\\/\\\/gratis-erotik.com\\\/hobbynutten-kontakte\\\/#breadcrumb\"},\"inLanguage\":\"de\",\"potentialAction\":[{\"@type\":\"ReadAction\",\"target\":[\"https:\\\/\\\/gratis-erotik.com\\\/hobbynutten-kontakte\\\/\"]}]},{\"@type\":\"BreadcrumbList\",\"@id\":\"https:\\\/\\\/gratis-erotik.com\\\/hobbynutten-kontakte\\\/#breadcrumb\",\"itemListElement\":[{\"@type\":\"ListItem\",\"position\":1,\"name\":\"Startseite\",\"item\":\"https:\\\/\\\/gratis-erotik.com\\\/hobbynutten-kontakte\\\/\"},{\"@type\":\"ListItem\",\"position\":2,\"name\":\"Hobbynutten Kontakte\"}]},{\"@type\":\"WebSite\",\"@id\":\"https:\\\/\\\/gratis-erotik.com\\\/hobbynutten-kontakte\\\/#website\",\"url\":\"https:\\\/\\\/gratis-erotik.com\\\/hobbynutten-kontakte\\\/\",\"name\":\"Hobbynutten Kontakte\",\"description\":\"Gratis Sex Kontakte zu hei\u00dfen Hobbynutten\",\"potentialAction\":[{\"@type\":\"SearchAction\",\"target\":{\"@type\":\"EntryPoint\",\"urlTemplate\":\"https:\\\/\\\/gratis-erotik.com\\\/hobbynutten-kontakte\\\/?s={search_term_string}\"},\"query-input\":{\"@type\":\"PropertyValueSpecification\",\"valueRequired\":true,\"valueName\":\"search_term_string\"}}],\"inLanguage\":\"de\"}]}<\/script>\n<!-- \/ Yoast SEO plugin. -->","yoast_head_json":{"title":"Hobbynutten Kontakte - Hobbynutten Kontakte","robots":{"index":"index","follow":"follow","max-snippet":"max-snippet:-1","max-image-preview":"max-image-preview:large","max-video-preview":"max-video-preview:-1"},"canonical":"https:\/\/gratis-erotik.com\/hobbynutten-kontakte\/","og_locale":"de_DE","og_type":"article","og_title":"Hobbynutten Kontakte - Hobbynutten Kontakte","og_description":"Sexanzeigen und Hobbynutten Sexkontakte Wir von gratis Erotik haben nat\u00fcrlich auch Hobbynutten Kontakte. Bei unseren Reisen durch Deutschland hat man nicht immer die Zeit sich durch unz\u00e4hlige Sexanzeigen zu st\u00f6bern, damit eine private Dame f\u00fcr Taschengeld Sex findet. Die meisten aus unserem Team weichen dann auf sexy Hobbynutten, aus, die zwar alle mit einem Taschengeld [&hellip;]","og_url":"https:\/\/gratis-erotik.com\/hobbynutten-kontakte\/","og_site_name":"Hobbynutten Kontakte","article_modified_time":"2025-05-02T06:14:11+00:00","twitter_card":"summary_large_image","twitter_misc":{"Gesch\u00e4tzte Lesezeit":"3\u00a0Minuten"},"schema":{"@context":"https:\/\/schema.org","@graph":[{"@type":"WebPage","@id":"https:\/\/gratis-erotik.com\/hobbynutten-kontakte\/","url":"https:\/\/gratis-erotik.com\/hobbynutten-kontakte\/","name":"Hobbynutten Kontakte - Hobbynutten Kontakte","isPartOf":{"@id":"https:\/\/gratis-erotik.com\/hobbynutten-kontakte\/#website"},"datePublished":"2024-08-12T02:18:03+00:00","dateModified":"2025-05-02T06:14:11+00:00","breadcrumb":{"@id":"https:\/\/gratis-erotik.com\/hobbynutten-kontakte\/#breadcrumb"},"inLanguage":"de","potentialAction":[{"@type":"ReadAction","target":["https:\/\/gratis-erotik.com\/hobbynutten-kontakte\/"]}]},{"@type":"BreadcrumbList","@id":"https:\/\/gratis-erotik.com\/hobbynutten-kontakte\/#breadcrumb","itemListElement":[{"@type":"ListItem","position":1,"name":"Startseite","item":"https:\/\/gratis-erotik.com\/hobbynutten-kontakte\/"},{"@type":"ListItem","position":2,"name":"Hobbynutten Kontakte"}]},{"@type":"WebSite","@id":"https:\/\/gratis-erotik.com\/hobbynutten-kontakte\/#website","url":"https:\/\/gratis-erotik.com\/hobbynutten-kontakte\/","name":"Hobbynutten Kontakte","description":"Gratis Sex Kontakte zu hei\u00dfen Hobbynutten","potentialAction":[{"@type":"SearchAction","target":{"@type":"EntryPoint","urlTemplate":"https:\/\/gratis-erotik.com\/hobbynutten-kontakte\/?s={search_term_string}"},"query-input":{"@type":"PropertyValueSpecification","valueRequired":true,"valueName":"search_term_string"}}],"inLanguage":"de"}]}},"_links":{"self":[{"href":"https:\/\/gratis-erotik.com\/hobbynutten-kontakte\/wp-json\/wp\/v2\/pages\/7","targetHints":{"allow":["GET"]}}],"collection":[{"href":"https:\/\/gratis-erotik.com\/hobbynutten-kontakte\/wp-json\/wp\/v2\/pages"}],"about":[{"href":"https:\/\/gratis-erotik.com\/hobbynutten-kontakte\/wp-json\/wp\/v2\/types\/page"}],"author":[{"embeddable":true,"href":"https:\/\/gratis-erotik.com\/hobbynutten-kontakte\/wp-json\/wp\/v2\/users\/1"}],"replies":[{"embeddable":true,"href":"https:\/\/gratis-erotik.com\/hobbynutten-kontakte\/wp-json\/wp\/v2\/comments?post=7"}],"version-history":[{"count":6,"href":"https:\/\/gratis-erotik.com\/hobbynutten-kontakte\/wp-json\/wp\/v2\/pages\/7\/revisions"}],"predecessor-version":[{"id":18,"href":"https:\/\/gratis-erotik.com\/hobbynutten-kontakte\/wp-json\/wp\/v2\/pages\/7\/revisions\/18"}],"wp:attachment":[{"href":"https:\/\/gratis-erotik.com\/hobbynutten-kontakte\/wp-json\/wp\/v2\/media?parent=7"}],"curies":[{"name":"wp","href":"https:\/\/api.w.org\/{rel}","templated":true}]}}