{"id":7,"date":"2024-08-05T22:38:16","date_gmt":"2024-08-05T20:38:16","guid":{"rendered":"https:\/\/gratis-erotik.com\/intimkontakte\/?page_id=7"},"modified":"2025-05-02T07:53:12","modified_gmt":"2025-05-02T05:53:12","slug":"intimkontakte","status":"publish","type":"page","link":"https:\/\/gratis-erotik.com\/intimkontakte\/","title":{"rendered":"Intimkontakte"},"content":{"rendered":"\n<h2 class=\"wp-block-heading\">Intim Kontakte bei Gratis Erotik<\/h2>\n\n\n\n<p>Eigentlich sollte man denken, M\u00e4nner und Frauen sind gleich, aber wenn es um die erotische Partnersuche geht, scheiden sich die Geister. Keiner liebt es allein zu sein und versucht ein Mittel gegen die Einsamkeit zu finden. Wir von <a href=\"https:\/\/gratis-erotik.com\/\"><strong>gratis Erotik<\/strong><\/a> wollen da etwas gegen unternehmen. Aber beide Geschlechter sehen dabei f\u00fcr sich jeweils andere Wege. W\u00e4hrend M\u00e4nner prim\u00e4r nach intimen Sexkontakten suchen, um einen schnellen Fick zu erlangen, haben Frauen oftmals das Bed\u00fcrfnis eine erotische Beziehung aufzubauen. Eine rein anonyme Nummer kommt f\u00fcr viele h\u00fcbsche Frauen nicht infrage, wenn sie nach gratis Intimkontakte suchen.<\/p>\n\n\n\n<figure class=\"wp-block-image\"><a href=\"https:\/\/gratis-erotik.com\/intim-kontakte\/\"><img loading=\"lazy\" decoding=\"async\" width=\"1024\" height=\"238\" src=\"https:\/\/gratis-erotik.com\/intimkontakte\/wp-content\/uploads\/sites\/7\/2024\/08\/Werbung-1-1024x238.webp\" alt=\"\" class=\"wp-image-34\" srcset=\"https:\/\/gratis-erotik.com\/intimkontakte\/wp-content\/uploads\/sites\/7\/2024\/08\/Werbung-1-1024x238.webp 1024w, https:\/\/gratis-erotik.com\/intimkontakte\/wp-content\/uploads\/sites\/7\/2024\/08\/Werbung-1-300x70.webp 300w, https:\/\/gratis-erotik.com\/intimkontakte\/wp-content\/uploads\/sites\/7\/2024\/08\/Werbung-1-768x178.webp 768w, https:\/\/gratis-erotik.com\/intimkontakte\/wp-content\/uploads\/sites\/7\/2024\/08\/Werbung-1.webp 1201w\" sizes=\"auto, (max-width: 1024px) 100vw, 1024px\" \/><\/a><\/figure>\n\n\n\n<h3 class=\"wp-block-heading\">Sie sucht Intimkontakt<\/h3>\n\n\n\n<p>Gerade M\u00e4nner sind immer auf der Suche nach Sexanzeigen in der Art wie &#8222;Sie sucht Intimkontakt&#8220;. Kerle sind halt immer auf der Suche nach <strong><a href=\"https:\/\/www.sex-in.cc\/\">sexuellen Kontakten zu einsamen Single Frauen<\/a><\/strong>, mit denen sie eine schnelle Nummer haben k\u00f6nnen. Dass die holden Sch\u00f6nheiten keine Hobbynutten sind und eigentlich auch nur einen guten Fick im Kopf haben, st\u00f6rt dabei ja eigentlich niemanden. Hier ist sich jeder selbst der N\u00e4chste, auf der Suche nach Befriedigung der sexuellen Gier. Ein<strong><a href=\"https:\/\/www.private-sexkontakte.cc\/\"> Erotik-Kontakt zu Single Frauen<\/a><\/strong> ist da genau das richtige und bringt auch schnelle Erf\u00fcllung.<\/p>\n\n\n\n<h3 class=\"wp-block-heading\">Hobbynutten auf der Suche nach erotischen Abenteuern<\/h3>\n\n\n\n<p>Oftmals verstecken sich hinter den Sie sucht Anzeigen richtige Hobbynutten, die den t\u00e4glichen Fick suchen und keine Probleme damit haben, t\u00e4glich mit Fremden Z\u00e4rtlichkeiten auszutauschen. Diese Luder suchen den schnellen Intimkontakt und bieten daf\u00fcr eine unverbindliche schnelle anonyme Nummer ohne finanzielles Interesse. Wer nach erotischen Abenteuern sucht, ist bei diesen fickbereiten Frauen immer gut aufgehoben. Da erwartet einen kein Petting, sondern harter Geschlechtsverkehr. Da bekommt ihr den k\u00f6rperlichen Kontakt zu aufregenden Girls, die dasselbe im Kopf haben wir ihr. Eine schnelle, versaute Nummer.<\/p>\n\n\n\n<h3 class=\"wp-block-heading\">Intime Kontakte in deiner Stadt<\/h3>\n\n\n\n<ul class=\"wp-block-list\">\n<li><strong>Intimkontakte in Frankfurt<\/strong>: Wer nach Intimkontakte in Frankfurt sucht, denkt wahrscheinlich erst mal an die unz\u00e4hligen Laufh\u00e4user in Bahnhofn\u00e4he, wo es billigen Sex gibt, aber eigentlich sollte dies keine L\u00f6sung sein, den da holt man sich mehr Krankheiten als einem lieb ist. Dabei ist es so einfach, erotische Kontakte in Frankfurt zu finden. Und das ohne finanzielles Interesse. Es gibt zwar bestimmt auch Hobbyhuren, die man f\u00fcr ein Taschengeld haben kann, aber es gibt gerade in Frankfurt jede Menge einsame Hausfrauen, die f\u00fcr ein paar Stunden f\u00fcr intime Treffen zu haben sind. Wenn ihr nette Frauen Treffen wollt und auch mehr wollt. <a class=\"maxbutton-1 maxbutton maxbutton-weiter\" rel=\"nofollow noopener\" href=\"https:\/\/gratis-erotik.com\/intim-kontakte\/\"><span class='mb-text'>Hier Weiter &gt;&gt;<\/span><\/a><\/li>\n\n\n\n<li><strong>Berlin Intim Kontakte<\/strong>: Berlin hat als Stadt unheimlich viel zu bieten und ist immer einen Besuch wert. Viele h\u00fcbsche Weiber geben Anzeigen auf, um in Berlin intim Kontakte zu finden. Meist kann man mit einem schnellen Telefonanruf da was klarmachen und eine nette Berlinerin zu einem Intimtreffen \u00fcberreden. Solch private erotische Treffen haben es in sich, sind doch gerade die Berlinerinnen f\u00fcr Intimkontakte eigentlich immer zu haben. Probiert es aus, wenn ihr das n\u00e4chste Mal unsere Hauptstadt besucht und geil seit. Versucht euer Gl\u00fcck hier! <a class=\"maxbutton-1 maxbutton maxbutton-weiter\" rel=\"nofollow noopener\" href=\"https:\/\/gratis-erotik.com\/intim-kontakte\/\"><span class='mb-text'>Hier Weiter &gt;&gt;<\/span><\/a><\/li>\n\n\n\n<li><strong>Intime Hobbynutten in Bremen<\/strong>: Intime Treffen in Bremen waren noch nie schwer zu bekommen. Man hat das Gef\u00fchl, dass dort unz\u00e4hlige einsame Single Frauen leben, die alle keinen Mann f\u00fcr schnellen Geschlechtsverkehr finden. Es gibt unz\u00e4hlige Hobbynutten, die sich ein Taschengeld dazu verdienen wollen und das Angebot an Hausfrauen Intimkontakten ist gigantisch gro\u00df und es finden sich immer mehr private Angebote f\u00fcr erotische Treffen. Hier bekommt man Erotikkontakte <a class=\"maxbutton-1 maxbutton maxbutton-weiter\" rel=\"nofollow noopener\" href=\"https:\/\/gratis-erotik.com\/intim-kontakte\/\"><span class='mb-text'>Hier Weiter &gt;&gt;<\/span><\/a><\/li>\n\n\n\n<li><strong>K\u00f6ln Private Intimkontakte<\/strong>: Die Angebote an private Intimkontakte in K\u00f6ln sind mannigfaltig, schon allein durch das gro\u00dfe Einzugsgebiet. Durch das Umland vervielf\u00e4ltigen sich die Anzahl h\u00fcbscher Single Girls extrem, da viele von ihnen eh in K\u00f6ln arbeiten und so mit der Stadt verbunden sind. Wer da in K\u00f6ln Intimkontakte sucht, wird schnell f\u00fcndig. Sind doch die K\u00f6lnerinnen f\u00fcr ihr ausgefallenes und abwechslungsreiches Sexual-Leben bekannt. Wenn ihr einen besonderen Erotik Fetisch habt, solltet ihr euer Gl\u00fcck auf jeden Fall in der Stadt der Liebe versuchen. Viel einfache geht es nicht, um tolle einsame Frauen kennenzulernen. <a class=\"maxbutton-1 maxbutton maxbutton-weiter\" rel=\"nofollow noopener\" href=\"https:\/\/gratis-erotik.com\/intim-kontakte\/\"><span class='mb-text'>Hier Weiter &gt;&gt;<\/span><\/a><\/li>\n\n\n\n<li><strong>Intim Kontakt In Dresden<\/strong>: Die Versautheit, mit der Dresdner Frauen mit erotischen Kontakten umgehen, macht den ehemaligen Osten immer noch zu einem Zentrum zum Fremdgehen. Intime Kontakte in Dresden findet man relativ einfach. Die Anzahl von Erotikanzeigen aus Dresden, wo einsame Haufrauen einen Intimkontakt suchen, steigt immer weiter. Man hat manchmal das Gef\u00fchl, da gibt es keine potenten M\u00e4nner in der Landeshauptstadt, die sich um die hei\u00dfen Singleweiber k\u00fcmmern. K\u00fcmmert euch um die sexy Frauen, wenn ihr ein Intimtreffen in Dresden im Kopf habt. <a class=\"maxbutton-1 maxbutton maxbutton-weiter\" rel=\"nofollow noopener\" href=\"https:\/\/gratis-erotik.com\/intim-kontakte\/\"><span class='mb-text'>Hier Weiter &gt;&gt;<\/span><\/a><\/li>\n<\/ul>\n\n\n\n<h3 class=\"wp-block-heading\">Sexpraktiken beim Intim treffen<\/h3>\n\n\n\n<p>Jeder Mensch hat spezielle Interessen, wenn es um Sexpraktiken geht und diese Interessen k\u00f6nnen beim ersten Intim treffen zu einem Problem werden, wenn man mit seiner auserw\u00e4hlten Dame da nicht dr\u00fcber gesprochen hat, bevor man sich trifft. Ihr wollt doch bei eurem erotischen Abenteuer keine Pleite erleben, sondern Spa\u00df mit einer Single Frau haben. Stellt euch nur vor, ihr fahrt 100 Km zu einem Intimkontakt in K\u00f6ln und habt dabei nur Analficken im Kopf. Und die Auserw\u00e4hlte will nur einen normalen Fick. Ihr erkennt schnell, wie wichtig sexuelle Vorlieben sind, wenn es um das erste Intim Treffen geht.<\/p>\n\n\n\n<ul class=\"wp-block-list\">\n<li>Speziellen Fetisch<\/li>\n\n\n\n<li>Besondere Sex Art<\/li>\n<\/ul>\n\n\n\n<p>Ganz besonders, wenn ihr einen ausgefallenen Fetisch habt, solltet ihr das kommunizieren, bevor ihr euch zum Intim-Treffen auf den Weg macht. Stellt euch vor, ihr habt auf eine Anzeige f\u00fcr Berlin Intimkontakte geantwortet und macht euch von Braunschweig auf den Weg, um dann festzustellen, dass die Dame mit euren sexuellen Vorlieben gar nichts anfangen kann. Welch Fetisch euch auch immer erregt, unterhaltet euch dar\u00fcber, damit es keine Entt\u00e4uschung gibt beim ersten Intim Treffen.<\/p>\n\n\n\n<h3 class=\"wp-block-heading\">Deutsche Intimkontakte finden<\/h3>\n\n\n\n<p>Oftmals habe ich schon geh\u00f6rt das User immer nur nach &#8222;deutsche Intimkontakte&#8220; suchen. Und das, obwohl es ja nur um intime Treffen geht und da sollte die Herkunft doch eigentlich egal sein. Sich unverbindlich mit einem sexy Girl f\u00fcr ein erotisches Treffen zu verabreden, sollte in keinem Fall an der Herkunft scheitern. Hier geht es darum, seine erotischen Tr\u00e4ume Wirklichkeit werden lassen und sich mit interessanten Frauen auf ein Intim Treffen zu verabreden. Schlie\u00dflich will man Geschlechtsverkehr mit der Sch\u00f6nheit und nicht politische oder religi\u00f6se Debatten f\u00fchren. \u00dcberlegt euch das, wenn ihr das n\u00e4chste Mal eine sch\u00f6ne Frau aus dem Ausland kennenlernt.<\/p>\n\n\n\n<a class=\"maxbutton-2 maxbutton maxbutton-intimkontaktebreit\" rel=\"nofollow noopener\" href=\"https:\/\/gratis-erotik.com\/intim-kontakte\/\"><span class='mb-text'>Finde hier Intim Kontakte zu einsamen Frauen aus Deutschland<\/span><\/a>\n\n\n\n<h3 class=\"wp-block-heading\">Kontaktanzeigen f\u00fcr weibliche Intimkontakte<\/h3>\n\n\n\n<p>Dank unserer Intimkontakte wirst du in der Zukunft keinen Grund mehr haben, Einsamkeit zu empfinden. \u00dcber unsere Intimkontakt Plattform f\u00fcr erotische Kontakte wirst du immer weibliche Gesellschaft finden. Finde bei uns Single Frauen aus deinen Nachbar Regionen, die f\u00fcr einen sofort Kontakt zu haben sind. Erotische Kontakte zu netten Frauen, die f\u00fcr deine Kontakt suche, infrage kommen. Ganz sicher findest du sofort h\u00fcbsche Frauen aus deiner Umgebung, oftmals auch h\u00fcbsche Weiber aus deiner Stadt, welche versaute Intimkontakte suchen. Wenn du \u00f6fters mal nach erotische Frauen Kontakte suchst, wirst du die Auswahl an Kontaktanzeigen lieben.<\/p>\n\n\n\n<h3 class=\"wp-block-heading\">Sie sucht Intimkontakt Anzeigen<\/h3>\n\n\n\n<p>Wenn Sie sucht und Intimkontakt Anzeigen aufgibt, um wen f\u00fcr schnellen Geschlechtsverkehr zu finden, gibt es meist viele, die sofort Interesse haben, diese einsamen Frauen zu treffen. Und ihr k\u00f6nnt euch sicher sein, dass die meisten dieser privaten Girls auf der Suche nach einem erotischen Abenteuer sind. Die Luder erwarten dich in ihrem Apartment oder auch oftmals im Hotel. Dabei ist es den Weibern wichtig, dass immer alles absolut diskret zugeht. Wer einen heimlichen Seitensprung \u00fcber die intim Kontakte sucht, dem ist sowas gr\u00f6\u00dftenteils sehr wichtig. Ihr k\u00f6nnt also sicher sein, dass diese Single Frauen extrem verschwiegen sind!<\/p>\n","protected":false},"excerpt":{"rendered":"<p>Intim Kontakte bei Gratis Erotik Eigentlich sollte man denken, M\u00e4nner und Frauen sind gleich, aber wenn es um die erotische Partnersuche geht, scheiden sich die Geister. Keiner liebt es allein zu sein und versucht ein Mittel gegen die Einsamkeit zu finden. Wir von gratis Erotik wollen da etwas gegen unternehmen. Aber beide Geschlechter sehen dabei [&hellip;]<\/p>\n","protected":false},"author":1,"featured_media":0,"parent":0,"menu_order":0,"comment_status":"closed","ping_status":"closed","template":"","meta":{"footnotes":""},"class_list":["post-7","page","type-page","status-publish","hentry","entry"],"yoast_head":"<!-- This site is optimized with the Yoast SEO plugin v27.4 - https:\/\/yoast.com\/product\/yoast-seo-wordpress\/ -->\n<title>Intimkontakte - Intimkontakte<\/title>\n<meta name=\"description\" content=\"Finde Single Frauen f\u00fcr einen intimen Kontakt. Hier bei Gratis Erotik bieten wir euch Intimkontakte, wo ihr Intim Treffen verabreden k\u00f6nnt.\" \/>\n<meta name=\"robots\" content=\"index, follow, max-snippet:-1, max-image-preview:large, max-video-preview:-1\" \/>\n<link rel=\"canonical\" href=\"https:\/\/gratis-erotik.com\/intimkontakte\/\" \/>\n<meta property=\"og:locale\" content=\"de_DE\" \/>\n<meta property=\"og:type\" content=\"article\" \/>\n<meta property=\"og:title\" content=\"Intimkontakte - Intimkontakte\" \/>\n<meta property=\"og:description\" content=\"Finde Single Frauen f\u00fcr einen intimen Kontakt. Hier bei Gratis Erotik bieten wir euch Intimkontakte, wo ihr Intim Treffen verabreden k\u00f6nnt.\" \/>\n<meta property=\"og:url\" content=\"https:\/\/gratis-erotik.com\/intimkontakte\/\" \/>\n<meta property=\"og:site_name\" content=\"Intimkontakte\" \/>\n<meta property=\"article:modified_time\" content=\"2025-05-02T05:53:12+00:00\" \/>\n<meta property=\"og:image\" content=\"https:\/\/gratis-erotik.com\/intimkontakte\/wp-content\/uploads\/sites\/7\/2024\/08\/Werbung-1.webp\" \/>\n\t<meta property=\"og:image:width\" content=\"1201\" \/>\n\t<meta property=\"og:image:height\" content=\"279\" \/>\n\t<meta property=\"og:image:type\" content=\"image\/webp\" \/>\n<meta name=\"twitter:card\" content=\"summary_large_image\" \/>\n<meta name=\"twitter:label1\" content=\"Gesch\u00e4tzte Lesezeit\" \/>\n\t<meta name=\"twitter:data1\" content=\"7\u00a0Minuten\" \/>\n<script type=\"application\/ld+json\" class=\"yoast-schema-graph\">{\"@context\":\"https:\\\/\\\/schema.org\",\"@graph\":[{\"@type\":\"WebPage\",\"@id\":\"https:\\\/\\\/gratis-erotik.com\\\/intimkontakte\\\/\",\"url\":\"https:\\\/\\\/gratis-erotik.com\\\/intimkontakte\\\/\",\"name\":\"Intimkontakte - Intimkontakte\",\"isPartOf\":{\"@id\":\"https:\\\/\\\/gratis-erotik.com\\\/intimkontakte\\\/#website\"},\"primaryImageOfPage\":{\"@id\":\"https:\\\/\\\/gratis-erotik.com\\\/intimkontakte\\\/#primaryimage\"},\"image\":{\"@id\":\"https:\\\/\\\/gratis-erotik.com\\\/intimkontakte\\\/#primaryimage\"},\"thumbnailUrl\":\"https:\\\/\\\/gratis-erotik.com\\\/intimkontakte\\\/wp-content\\\/uploads\\\/sites\\\/7\\\/2024\\\/08\\\/Werbung-1-1024x238.webp\",\"datePublished\":\"2024-08-05T20:38:16+00:00\",\"dateModified\":\"2025-05-02T05:53:12+00:00\",\"description\":\"Finde Single Frauen f\u00fcr einen intimen Kontakt. Hier bei Gratis Erotik bieten wir euch Intimkontakte, wo ihr Intim Treffen verabreden k\u00f6nnt.\",\"breadcrumb\":{\"@id\":\"https:\\\/\\\/gratis-erotik.com\\\/intimkontakte\\\/#breadcrumb\"},\"inLanguage\":\"de\",\"potentialAction\":[{\"@type\":\"ReadAction\",\"target\":[\"https:\\\/\\\/gratis-erotik.com\\\/intimkontakte\\\/\"]}]},{\"@type\":\"ImageObject\",\"inLanguage\":\"de\",\"@id\":\"https:\\\/\\\/gratis-erotik.com\\\/intimkontakte\\\/#primaryimage\",\"url\":\"https:\\\/\\\/gratis-erotik.com\\\/intimkontakte\\\/wp-content\\\/uploads\\\/sites\\\/7\\\/2024\\\/08\\\/Werbung-1.webp\",\"contentUrl\":\"https:\\\/\\\/gratis-erotik.com\\\/intimkontakte\\\/wp-content\\\/uploads\\\/sites\\\/7\\\/2024\\\/08\\\/Werbung-1.webp\",\"width\":1201,\"height\":279},{\"@type\":\"BreadcrumbList\",\"@id\":\"https:\\\/\\\/gratis-erotik.com\\\/intimkontakte\\\/#breadcrumb\",\"itemListElement\":[{\"@type\":\"ListItem\",\"position\":1,\"name\":\"Startseite\",\"item\":\"https:\\\/\\\/gratis-erotik.com\\\/intimkontakte\\\/\"},{\"@type\":\"ListItem\",\"position\":2,\"name\":\"Intimkontakte\"}]},{\"@type\":\"WebSite\",\"@id\":\"https:\\\/\\\/gratis-erotik.com\\\/intimkontakte\\\/#website\",\"url\":\"https:\\\/\\\/gratis-erotik.com\\\/intimkontakte\\\/\",\"name\":\"Intimkontakte\",\"description\":\"Hardcore Kontakte zu einsamen Single Frauen\",\"potentialAction\":[{\"@type\":\"SearchAction\",\"target\":{\"@type\":\"EntryPoint\",\"urlTemplate\":\"https:\\\/\\\/gratis-erotik.com\\\/intimkontakte\\\/?s={search_term_string}\"},\"query-input\":{\"@type\":\"PropertyValueSpecification\",\"valueRequired\":true,\"valueName\":\"search_term_string\"}}],\"inLanguage\":\"de\"}]}<\/script>\n<!-- \/ Yoast SEO plugin. -->","yoast_head_json":{"title":"Intimkontakte - Intimkontakte","description":"Finde Single Frauen f\u00fcr einen intimen Kontakt. Hier bei Gratis Erotik bieten wir euch Intimkontakte, wo ihr Intim Treffen verabreden k\u00f6nnt.","robots":{"index":"index","follow":"follow","max-snippet":"max-snippet:-1","max-image-preview":"max-image-preview:large","max-video-preview":"max-video-preview:-1"},"canonical":"https:\/\/gratis-erotik.com\/intimkontakte\/","og_locale":"de_DE","og_type":"article","og_title":"Intimkontakte - Intimkontakte","og_description":"Finde Single Frauen f\u00fcr einen intimen Kontakt. Hier bei Gratis Erotik bieten wir euch Intimkontakte, wo ihr Intim Treffen verabreden k\u00f6nnt.","og_url":"https:\/\/gratis-erotik.com\/intimkontakte\/","og_site_name":"Intimkontakte","article_modified_time":"2025-05-02T05:53:12+00:00","og_image":[{"width":1201,"height":279,"url":"https:\/\/gratis-erotik.com\/intimkontakte\/wp-content\/uploads\/sites\/7\/2024\/08\/Werbung-1.webp","type":"image\/webp"}],"twitter_card":"summary_large_image","twitter_misc":{"Gesch\u00e4tzte Lesezeit":"7\u00a0Minuten"},"schema":{"@context":"https:\/\/schema.org","@graph":[{"@type":"WebPage","@id":"https:\/\/gratis-erotik.com\/intimkontakte\/","url":"https:\/\/gratis-erotik.com\/intimkontakte\/","name":"Intimkontakte - Intimkontakte","isPartOf":{"@id":"https:\/\/gratis-erotik.com\/intimkontakte\/#website"},"primaryImageOfPage":{"@id":"https:\/\/gratis-erotik.com\/intimkontakte\/#primaryimage"},"image":{"@id":"https:\/\/gratis-erotik.com\/intimkontakte\/#primaryimage"},"thumbnailUrl":"https:\/\/gratis-erotik.com\/intimkontakte\/wp-content\/uploads\/sites\/7\/2024\/08\/Werbung-1-1024x238.webp","datePublished":"2024-08-05T20:38:16+00:00","dateModified":"2025-05-02T05:53:12+00:00","description":"Finde Single Frauen f\u00fcr einen intimen Kontakt. Hier bei Gratis Erotik bieten wir euch Intimkontakte, wo ihr Intim Treffen verabreden k\u00f6nnt.","breadcrumb":{"@id":"https:\/\/gratis-erotik.com\/intimkontakte\/#breadcrumb"},"inLanguage":"de","potentialAction":[{"@type":"ReadAction","target":["https:\/\/gratis-erotik.com\/intimkontakte\/"]}]},{"@type":"ImageObject","inLanguage":"de","@id":"https:\/\/gratis-erotik.com\/intimkontakte\/#primaryimage","url":"https:\/\/gratis-erotik.com\/intimkontakte\/wp-content\/uploads\/sites\/7\/2024\/08\/Werbung-1.webp","contentUrl":"https:\/\/gratis-erotik.com\/intimkontakte\/wp-content\/uploads\/sites\/7\/2024\/08\/Werbung-1.webp","width":1201,"height":279},{"@type":"BreadcrumbList","@id":"https:\/\/gratis-erotik.com\/intimkontakte\/#breadcrumb","itemListElement":[{"@type":"ListItem","position":1,"name":"Startseite","item":"https:\/\/gratis-erotik.com\/intimkontakte\/"},{"@type":"ListItem","position":2,"name":"Intimkontakte"}]},{"@type":"WebSite","@id":"https:\/\/gratis-erotik.com\/intimkontakte\/#website","url":"https:\/\/gratis-erotik.com\/intimkontakte\/","name":"Intimkontakte","description":"Hardcore Kontakte zu einsamen Single Frauen","potentialAction":[{"@type":"SearchAction","target":{"@type":"EntryPoint","urlTemplate":"https:\/\/gratis-erotik.com\/intimkontakte\/?s={search_term_string}"},"query-input":{"@type":"PropertyValueSpecification","valueRequired":true,"valueName":"search_term_string"}}],"inLanguage":"de"}]}},"_links":{"self":[{"href":"https:\/\/gratis-erotik.com\/intimkontakte\/wp-json\/wp\/v2\/pages\/7","targetHints":{"allow":["GET"]}}],"collection":[{"href":"https:\/\/gratis-erotik.com\/intimkontakte\/wp-json\/wp\/v2\/pages"}],"about":[{"href":"https:\/\/gratis-erotik.com\/intimkontakte\/wp-json\/wp\/v2\/types\/page"}],"author":[{"embeddable":true,"href":"https:\/\/gratis-erotik.com\/intimkontakte\/wp-json\/wp\/v2\/users\/1"}],"replies":[{"embeddable":true,"href":"https:\/\/gratis-erotik.com\/intimkontakte\/wp-json\/wp\/v2\/comments?post=7"}],"version-history":[{"count":35,"href":"https:\/\/gratis-erotik.com\/intimkontakte\/wp-json\/wp\/v2\/pages\/7\/revisions"}],"predecessor-version":[{"id":85,"href":"https:\/\/gratis-erotik.com\/intimkontakte\/wp-json\/wp\/v2\/pages\/7\/revisions\/85"}],"wp:attachment":[{"href":"https:\/\/gratis-erotik.com\/intimkontakte\/wp-json\/wp\/v2\/media?parent=7"}],"curies":[{"name":"wp","href":"https:\/\/api.w.org\/{rel}","templated":true}]}}