{"id":7,"date":"2024-08-12T04:17:33","date_gmt":"2024-08-12T02:17:33","guid":{"rendered":"https:\/\/gratis-erotik.com\/taschengeld-sextreffen\/?page_id=7"},"modified":"2025-05-02T08:18:01","modified_gmt":"2025-05-02T06:18:01","slug":"taschengeld-sextreffen","status":"publish","type":"page","link":"https:\/\/gratis-erotik.com\/taschengeld-sextreffen\/","title":{"rendered":"Taschengeld Sextreffen"},"content":{"rendered":"\n<p>Findet hier in der \u00dcbersicht f\u00fcr Taschengeld Sextreffen gute live Kontakte zu versauten Weibern, die f\u00fcr ein Taschengeld sich zu einem kostenlose Ficktreffen \u00fcberreden lassen. Aufregende Weiber und reife Frauen suchen da bei den Hobbynutten Kontakten nach gestandenen M\u00e4nnern, die es ihnen richtig hart besorgen. Diese versauten Damen suchen, geilen Sex und sind bereit f\u00fcr jede Sauerei. <\/p>\n\n\n\n<a class=\"maxbutton-1 maxbutton maxbutton-taschengeld-sex1\" href=\"https:\/\/gratis-erotik.com\/taschengeld-sex\/\"><span class='mb-text'>Versaute Sextreffen f\u00fcr ein Taschengeld --&gt;&gt;<\/span><\/a>\n\n\n\n<h2 class=\"wp-block-heading\">Erotischen Sextreffen mit Taschengeld Studentinnen<\/h2>\n\n\n\n<p>Wenn du auf der Suche nach einem erotischen Sextreffen mit einer unkomplizierten Frau bist, findest du hier jede Menge deutsche Weiber und sexy Hausfrauen. Und alle bieten Taschengeld Sex an. Das meiste sind nat\u00fcrlich hei\u00dfe Studentinnen dich so ihr Studium aufbessern wollen, aber es gibt halt auch sehr viel Hausfrauen. Wir zeigen euch die besten Erotikportale in Deutschland, wo es <strong><a href=\"https:\/\/www.sex-in-nrw.cc\/\">Sexanzeigen von geilen Hobbynutten<\/a><\/strong> gibt. St\u00f6bere zwischen der gro\u00dfen Anzahl an <strong><a href=\"https:\/\/www.sextreff.cc\/\">aktuellen Sexinseraten von den einsamen Weibern<\/a><\/strong>. Die Vielfalt der Kontakte ist gigantisch, sodass es f\u00fcr jede sexuelle Neigung passende Girls gibt.<\/p>\n\n\n\n<p>Wir zeigen euch hier, wo ihr f\u00fcr euren Geschmack passende, diskrete Erotikanzeigen mit sexy Studentinnen findet. Ob du nach geilen Sextreffen in einer speziellen Region in Deutschland suchst oder nach speziellen St\u00e4dten. Bei den meisten von uns gelisteten Taschengeld Sex Anzeigen habt ihr eine Filteroption. So findet ihr schnell Taschengeld Sextreffen, welche zu euch passen. <\/p>\n\n\n\n<a class=\"maxbutton-2 maxbutton maxbutton-taschengeld-sex2\" href=\"https:\/\/gratis-erotik.com\/taschengeld-sex\/\"><span class='mb-text'>Hier Taschengeld Sex Kontakte finden --&gt;&gt;<\/span><\/a>\n\n\n\n<p>Verabredet euch zum Studentinnen Ficken f\u00fcr ein Taschengeld und habt ungezwungen privaten Sex. Jeder und jede Hobbyhure \u00fcber 18 finden hier schnell ein gutes Ficktreffen. Ihr findet hier nicht nur jugendliche Studentinnen, die f\u00fcr Taschengeld Sex zu haben sind, sondern aufregende Weiber jeglichen Alters. Jeder, der Lust an einem tabulosen Sextreffen hat, findet schnell passende Erotik Kontakte zum Sexdate verabreden. Ob ihr dabei auf hei\u00dfe Studentinnen, s\u00fc\u00dfe schlanke Girls oder reife Weiber bevorzugt, legt an euch. Hier findet ihr nur erotische Sextreffen Kontakte zum Verabreden.<\/p>\n\n\n\n<h3 class=\"wp-block-heading\">Lust auf ein Seitensprung Sextreff<\/h3>\n\n\n\n<p>Zwischen den unz\u00e4hligen Sextreff Kontakten findest du schnell und unkompliziert ein Seitensprung Date  zu einer h\u00fcbschen Partnerin. Suche hier auch nach Seitensprung Kontakten aus deiner Umgebung, um einen <a href=\"https:\/\/gratis-erotik.com\/intimkontakte\/\">geilen Intimkontakt zu finden<\/a>. Die Anzahl der Seitensprung-Anzeigen von verf\u00fchrerischen Frauen, die sich bereits registriert haben, steigt permanent. Finde auch du da ein Taschengeld Sex Partnerin f\u00fcr ein erotisches Treffen. <\/p>\n\n\n\n<a class=\"maxbutton-3 maxbutton maxbutton-taschengeld-sex3\" href=\"https:\/\/gratis-erotik.com\/taschengeld-sex\/\"><span class='mb-text'>Studentinnen bieten Taschengeld Sex --&gt;&gt;<\/span><\/a>\n\n\n\n<h3 class=\"wp-block-heading\">Wie fair ist ein Seitensprung \u00fcber Taschengeld Sex?<\/h3>\n\n\n\n<p>Man kann es nicht genug und oft genug schreiben, zu jedem Fremdgehen oder Seitensprung geh\u00f6ren immer zwei, die sich einig sind Sex zu haben. Wer da Moralprobleme hat, ist falsch hier und sollte uns verlassen. Viele denken beim Ficken an eine h\u00fcbschere Partnerin, aber das sollte einen niemals von einem Seitensprung abhalten.  Wir zeigen euch hier eh nur Taschengeld Sex Portale, wo ihr gratis Seitensprung Anzeigen findet.  Mittlerweile gibt es im Internet immer mehr M\u00f6glichkeiten, eine gratis Sextreffen Anzeige aufzugeben. Hier inseriert, wer einen passenden Sex Partner f\u00fcr einen Seitensprung sucht. Vereinbare einfach ein Taschengeld Sextreffen mit einer <a href=\"https:\/\/gratis-erotik.com\/erotikkontakte-bayern\/\">h\u00fcbschen Partnerin<\/a> und du bist deinem ersten Sex Treffen n\u00e4her als du denkst.<\/p>\n\n\n\n<h2 class=\"wp-block-heading\">Erotischen Tr\u00e4ume mit Taschengeld Sex erleben<\/h2>\n\n\n\n<p>Magst du nicht auch deine erotischen Tr\u00e4ume mit sexy Frauen ausleben? Mit au\u00dfergew\u00f6hnlich sch\u00f6nen Weibern saugeilen Taschengeld Sex erleben? Nur wer seine sexuellen Vorlieben auch auslebt, kann nichts verpassen im Leben. Das Gute an einem Seitensprung ist es ist ohne langfristigen Verpflichtungen. Man bezahlt ein Taschengeld f\u00fcr eine schnelle Nummer im Hotel oder privat und sieht sich meist niemals wieder. Das ist einfach nur Hardcore Erotik zu zweit? Einer passenden Studentin f\u00fcr guten Sex zu finden, ist meist gar nicht so schwer.<\/p>\n\n\n\n<p><\/p>\n\n\n\n<p><\/p>\n","protected":false},"excerpt":{"rendered":"<p>Findet hier in der \u00dcbersicht f\u00fcr Taschengeld Sextreffen gute live Kontakte zu versauten Weibern, die f\u00fcr ein Taschengeld sich zu einem kostenlose Ficktreffen \u00fcberreden lassen. Aufregende Weiber und reife Frauen suchen da bei den Hobbynutten Kontakten nach gestandenen M\u00e4nnern, die es ihnen richtig hart besorgen. Diese versauten Damen suchen, geilen Sex und sind bereit f\u00fcr [&hellip;]<\/p>\n","protected":false},"author":1,"featured_media":0,"parent":0,"menu_order":0,"comment_status":"closed","ping_status":"closed","template":"","meta":{"footnotes":""},"class_list":["post-7","page","type-page","status-publish","hentry","entry"],"yoast_head":"<!-- This site is optimized with the Yoast SEO plugin v27.3 - https:\/\/yoast.com\/product\/yoast-seo-wordpress\/ -->\n<title>Taschengeld Sextreffen - Taschengeld Sextreffen<\/title>\n<meta name=\"description\" content=\"Suchst du Taschengeld Sextreffen mit h\u00fcbschen Studentinnen? Finde hier Seitensprung Anzeigen, um eine Sexpartnerin zu finden.\" \/>\n<meta name=\"robots\" content=\"index, follow, max-snippet:-1, max-image-preview:large, max-video-preview:-1\" \/>\n<link rel=\"canonical\" href=\"https:\/\/gratis-erotik.com\/taschengeld-sextreffen\/\" \/>\n<meta property=\"og:locale\" content=\"de_DE\" \/>\n<meta property=\"og:type\" content=\"article\" \/>\n<meta property=\"og:title\" content=\"Taschengeld Sextreffen - Taschengeld Sextreffen\" \/>\n<meta property=\"og:description\" content=\"Suchst du Taschengeld Sextreffen mit h\u00fcbschen Studentinnen? Finde hier Seitensprung Anzeigen, um eine Sexpartnerin zu finden.\" \/>\n<meta property=\"og:url\" content=\"https:\/\/gratis-erotik.com\/taschengeld-sextreffen\/\" \/>\n<meta property=\"og:site_name\" content=\"Taschengeld Sextreffen\" \/>\n<meta property=\"article:modified_time\" content=\"2025-05-02T06:18:01+00:00\" \/>\n<meta name=\"twitter:card\" content=\"summary_large_image\" \/>\n<meta name=\"twitter:label1\" content=\"Gesch\u00e4tzte Lesezeit\" \/>\n\t<meta name=\"twitter:data1\" content=\"4\u00a0Minuten\" \/>\n<script type=\"application\/ld+json\" class=\"yoast-schema-graph\">{\"@context\":\"https:\\\/\\\/schema.org\",\"@graph\":[{\"@type\":\"WebPage\",\"@id\":\"https:\\\/\\\/gratis-erotik.com\\\/taschengeld-sextreffen\\\/\",\"url\":\"https:\\\/\\\/gratis-erotik.com\\\/taschengeld-sextreffen\\\/\",\"name\":\"Taschengeld Sextreffen - Taschengeld Sextreffen\",\"isPartOf\":{\"@id\":\"https:\\\/\\\/gratis-erotik.com\\\/taschengeld-sextreffen\\\/#website\"},\"datePublished\":\"2024-08-12T02:17:33+00:00\",\"dateModified\":\"2025-05-02T06:18:01+00:00\",\"description\":\"Suchst du Taschengeld Sextreffen mit h\u00fcbschen Studentinnen? Finde hier Seitensprung Anzeigen, um eine Sexpartnerin zu finden.\",\"breadcrumb\":{\"@id\":\"https:\\\/\\\/gratis-erotik.com\\\/taschengeld-sextreffen\\\/#breadcrumb\"},\"inLanguage\":\"de\",\"potentialAction\":[{\"@type\":\"ReadAction\",\"target\":[\"https:\\\/\\\/gratis-erotik.com\\\/taschengeld-sextreffen\\\/\"]}]},{\"@type\":\"BreadcrumbList\",\"@id\":\"https:\\\/\\\/gratis-erotik.com\\\/taschengeld-sextreffen\\\/#breadcrumb\",\"itemListElement\":[{\"@type\":\"ListItem\",\"position\":1,\"name\":\"Startseite\",\"item\":\"https:\\\/\\\/gratis-erotik.com\\\/taschengeld-sextreffen\\\/\"},{\"@type\":\"ListItem\",\"position\":2,\"name\":\"Taschengeld Sextreffen\"}]},{\"@type\":\"WebSite\",\"@id\":\"https:\\\/\\\/gratis-erotik.com\\\/taschengeld-sextreffen\\\/#website\",\"url\":\"https:\\\/\\\/gratis-erotik.com\\\/taschengeld-sextreffen\\\/\",\"name\":\"Taschengeld Sextreffen\",\"description\":\"Finde hier Kontakte zu sexy Studentinnen f\u00fcr Taschengeld Sex\",\"potentialAction\":[{\"@type\":\"SearchAction\",\"target\":{\"@type\":\"EntryPoint\",\"urlTemplate\":\"https:\\\/\\\/gratis-erotik.com\\\/taschengeld-sextreffen\\\/?s={search_term_string}\"},\"query-input\":{\"@type\":\"PropertyValueSpecification\",\"valueRequired\":true,\"valueName\":\"search_term_string\"}}],\"inLanguage\":\"de\"}]}<\/script>\n<!-- \/ Yoast SEO plugin. -->","yoast_head_json":{"title":"Taschengeld Sextreffen - Taschengeld Sextreffen","description":"Suchst du Taschengeld Sextreffen mit h\u00fcbschen Studentinnen? Finde hier Seitensprung Anzeigen, um eine Sexpartnerin zu finden.","robots":{"index":"index","follow":"follow","max-snippet":"max-snippet:-1","max-image-preview":"max-image-preview:large","max-video-preview":"max-video-preview:-1"},"canonical":"https:\/\/gratis-erotik.com\/taschengeld-sextreffen\/","og_locale":"de_DE","og_type":"article","og_title":"Taschengeld Sextreffen - Taschengeld Sextreffen","og_description":"Suchst du Taschengeld Sextreffen mit h\u00fcbschen Studentinnen? Finde hier Seitensprung Anzeigen, um eine Sexpartnerin zu finden.","og_url":"https:\/\/gratis-erotik.com\/taschengeld-sextreffen\/","og_site_name":"Taschengeld Sextreffen","article_modified_time":"2025-05-02T06:18:01+00:00","twitter_card":"summary_large_image","twitter_misc":{"Gesch\u00e4tzte Lesezeit":"4\u00a0Minuten"},"schema":{"@context":"https:\/\/schema.org","@graph":[{"@type":"WebPage","@id":"https:\/\/gratis-erotik.com\/taschengeld-sextreffen\/","url":"https:\/\/gratis-erotik.com\/taschengeld-sextreffen\/","name":"Taschengeld Sextreffen - Taschengeld Sextreffen","isPartOf":{"@id":"https:\/\/gratis-erotik.com\/taschengeld-sextreffen\/#website"},"datePublished":"2024-08-12T02:17:33+00:00","dateModified":"2025-05-02T06:18:01+00:00","description":"Suchst du Taschengeld Sextreffen mit h\u00fcbschen Studentinnen? Finde hier Seitensprung Anzeigen, um eine Sexpartnerin zu finden.","breadcrumb":{"@id":"https:\/\/gratis-erotik.com\/taschengeld-sextreffen\/#breadcrumb"},"inLanguage":"de","potentialAction":[{"@type":"ReadAction","target":["https:\/\/gratis-erotik.com\/taschengeld-sextreffen\/"]}]},{"@type":"BreadcrumbList","@id":"https:\/\/gratis-erotik.com\/taschengeld-sextreffen\/#breadcrumb","itemListElement":[{"@type":"ListItem","position":1,"name":"Startseite","item":"https:\/\/gratis-erotik.com\/taschengeld-sextreffen\/"},{"@type":"ListItem","position":2,"name":"Taschengeld Sextreffen"}]},{"@type":"WebSite","@id":"https:\/\/gratis-erotik.com\/taschengeld-sextreffen\/#website","url":"https:\/\/gratis-erotik.com\/taschengeld-sextreffen\/","name":"Taschengeld Sextreffen","description":"Finde hier Kontakte zu sexy Studentinnen f\u00fcr Taschengeld Sex","potentialAction":[{"@type":"SearchAction","target":{"@type":"EntryPoint","urlTemplate":"https:\/\/gratis-erotik.com\/taschengeld-sextreffen\/?s={search_term_string}"},"query-input":{"@type":"PropertyValueSpecification","valueRequired":true,"valueName":"search_term_string"}}],"inLanguage":"de"}]}},"_links":{"self":[{"href":"https:\/\/gratis-erotik.com\/taschengeld-sextreffen\/wp-json\/wp\/v2\/pages\/7","targetHints":{"allow":["GET"]}}],"collection":[{"href":"https:\/\/gratis-erotik.com\/taschengeld-sextreffen\/wp-json\/wp\/v2\/pages"}],"about":[{"href":"https:\/\/gratis-erotik.com\/taschengeld-sextreffen\/wp-json\/wp\/v2\/types\/page"}],"author":[{"embeddable":true,"href":"https:\/\/gratis-erotik.com\/taschengeld-sextreffen\/wp-json\/wp\/v2\/users\/1"}],"replies":[{"embeddable":true,"href":"https:\/\/gratis-erotik.com\/taschengeld-sextreffen\/wp-json\/wp\/v2\/comments?post=7"}],"version-history":[{"count":6,"href":"https:\/\/gratis-erotik.com\/taschengeld-sextreffen\/wp-json\/wp\/v2\/pages\/7\/revisions"}],"predecessor-version":[{"id":26,"href":"https:\/\/gratis-erotik.com\/taschengeld-sextreffen\/wp-json\/wp\/v2\/pages\/7\/revisions\/26"}],"wp:attachment":[{"href":"https:\/\/gratis-erotik.com\/taschengeld-sextreffen\/wp-json\/wp\/v2\/media?parent=7"}],"curies":[{"name":"wp","href":"https:\/\/api.w.org\/{rel}","templated":true}]}}