{"id":9,"date":"2025-03-21T03:08:19","date_gmt":"2025-03-21T02:08:19","guid":{"rendered":"https:\/\/gratis-erotik.com\/telefonsex-domina\/?page_id=9"},"modified":"2025-03-23T22:52:52","modified_gmt":"2025-03-23T21:52:52","slug":"telefonsex-domina","status":"publish","type":"page","link":"https:\/\/gratis-erotik.com\/telefonsex-domina\/","title":{"rendered":"Telefonsex Domina"},"content":{"rendered":"\n<h2 class=\"wp-block-heading\">Harte Fetisch Telefonerotik mit Dominas<\/h2>\n\n\n\n<p>Auf diesem Fetischsex Portal f\u00fcr Telefonsex Dominas wird Euch sicherlich schon auf den ersten Blick klar, dass die Damen es hier hart zu Sache gehen lassen und sie mit Leidenschaft ihre dominante Ader ausleben. Die versauten Telefon-Dominas leben mit Euch gemeinsam ihre geilen bizarren Fantasien aus. Da kannst Du extrem harte Telefonerotik mit einer l\u00fcsternen Telefonsex Domina genie\u00dfen. Und wer wei\u00df schon, ob nicht eine der Damen Dir ein d\u00fcsteres schwarzes Geheimnis offenbart.<\/p>\n\n\n\n<div class=\"wp-block-media-text is-stacked-on-mobile\" style=\"grid-template-columns:85% auto\"><figure class=\"wp-block-media-text__media\"><a href=\"tel:09007104605157\"><img loading=\"lazy\" decoding=\"async\" width=\"800\" height=\"660\" src=\"https:\/\/gratis-erotik.com\/telefonsex-domina\/wp-content\/uploads\/sites\/15\/2025\/03\/T6-NattyNat.webp\" alt=\"\" class=\"wp-image-14 size-full\" srcset=\"https:\/\/gratis-erotik.com\/telefonsex-domina\/wp-content\/uploads\/sites\/15\/2025\/03\/T6-NattyNat.webp 800w, https:\/\/gratis-erotik.com\/telefonsex-domina\/wp-content\/uploads\/sites\/15\/2025\/03\/T6-NattyNat-300x248.webp 300w, https:\/\/gratis-erotik.com\/telefonsex-domina\/wp-content\/uploads\/sites\/15\/2025\/03\/T6-NattyNat-768x634.webp 768w\" sizes=\"auto, (max-width: 800px) 100vw, 800px\" \/><\/a><\/figure><div class=\"wp-block-media-text__content\">\n<p><\/p>\n<\/div><\/div>\n\n\n\n<p>Wenn ihr also euren Fetisch mit einer attraktiven Domina beim einem Fetisch Telefonat ausleben wollt braucht ihr euch hier nicht verstecken. Jeder Mann der eine ganz besonderen Fetisch Vorliebe hat, sollte hier das Domina Telefonat suchen. Die harten Weiber besorgen es Euch genauso hart, wie Du Sie darum anbetteln wirst. Und wenn ihr etwas ganz versautes erleben wollt, haben die meisten der dominanten Frauen immer ein offenes Ohr, besonders was neue erotische Rollenspiele anbelangt. Die meisten der Telefondominas lieben neue Herausforderungen, ganz besonders, wenn es darum geht, etwas Neues beim Telefonieren auszuprobieren. Erlebe hier dominante Frauen, die Dich mit Telefonerziehung gef\u00fcgig machen.<\/p>\n\n\n\n<div class=\"wp-block-media-text is-stacked-on-mobile\" style=\"grid-template-columns:85% auto\"><figure class=\"wp-block-media-text__media\"><a href=\"tel:09007104605157\"><img loading=\"lazy\" decoding=\"async\" width=\"800\" height=\"660\" src=\"https:\/\/gratis-erotik.com\/telefonsex-domina\/wp-content\/uploads\/sites\/15\/2025\/03\/T6-dicke-titten.webp\" alt=\"\" class=\"wp-image-99 size-full\" srcset=\"https:\/\/gratis-erotik.com\/telefonsex-domina\/wp-content\/uploads\/sites\/15\/2025\/03\/T6-dicke-titten.webp 800w, https:\/\/gratis-erotik.com\/telefonsex-domina\/wp-content\/uploads\/sites\/15\/2025\/03\/T6-dicke-titten-300x248.webp 300w, https:\/\/gratis-erotik.com\/telefonsex-domina\/wp-content\/uploads\/sites\/15\/2025\/03\/T6-dicke-titten-768x634.webp 768w\" sizes=\"auto, (max-width: 800px) 100vw, 800px\" \/><\/a><\/figure><div class=\"wp-block-media-text__content\">\n<p><\/p>\n<\/div><\/div>\n\n\n\n<h3 class=\"wp-block-heading\">Bestrafung beim Domina Telefonsex<\/h3>\n\n\n\n<p>Wer es auf fantasievolle Fetischerotik abgesehen hat kommt auch oft mit dem Wunsch sich durch eine Telefonsex Domina bestrafen zu lassen. Selbst ausgefallene und extreme sexuelle Fantasien sind da an der Tagesordnung. Ganz besondere W\u00fcnsche zum Thema Bestrafung beim Domina Telefonsex sind ganz normal. Ihr findet hier etliche Domina Rufnummern welche dich dann live am Telefon erziehen oder auch hart bestrafen. Ganz nach deinen sexuellen Vorlieben. <\/p>\n\n\n\n<p>Und f\u00fcr Neulinge welche mal reinschnuppern wollen findet sich sicherlich eine sanfte Domina welche Dich langsam in die bizarre Welt von Domina Telefonsex einf\u00fchren. Aber eins sollte Euch auch da bewusst sein. Unterw\u00fcrfigkeit beim Telefonsex ist da das A und O und Du solltest immer auf das h\u00f6ren, was Deine Telefon-Domina Dir befiehlt.<\/p>\n\n\n\n<div class=\"wp-block-media-text is-stacked-on-mobile\" style=\"grid-template-columns:85% auto\"><figure class=\"wp-block-media-text__media\"><a href=\"tel:09007104605157\"><img loading=\"lazy\" decoding=\"async\" width=\"800\" height=\"660\" src=\"https:\/\/gratis-erotik.com\/telefonsex-domina\/wp-content\/uploads\/sites\/15\/2025\/03\/T6-dominantefrau.webp\" alt=\"\" class=\"wp-image-100 size-full\" srcset=\"https:\/\/gratis-erotik.com\/telefonsex-domina\/wp-content\/uploads\/sites\/15\/2025\/03\/T6-dominantefrau.webp 800w, https:\/\/gratis-erotik.com\/telefonsex-domina\/wp-content\/uploads\/sites\/15\/2025\/03\/T6-dominantefrau-300x248.webp 300w, https:\/\/gratis-erotik.com\/telefonsex-domina\/wp-content\/uploads\/sites\/15\/2025\/03\/T6-dominantefrau-768x634.webp 768w\" sizes=\"auto, (max-width: 800px) 100vw, 800px\" \/><\/a><\/figure><div class=\"wp-block-media-text__content\">\n<p><\/p>\n<\/div><\/div>\n\n\n\n<h3 class=\"wp-block-heading\">Extreme Dominas erf\u00fcllen Sadomaso Sex W\u00fcnsche<\/h3>\n\n\n\n<p>Liebst Du Schmerzen und sp\u00fcrst das Verlangen nach Sadomaso Sex? Zeige bei der Sadomaso Erotik mit Deiner Herrin, ob Du ein echter Kerl bist, der auch Schmerzen beim SM Telefonsex aush\u00e4lt. F\u00fcr viele ist guter Sadomaso Sex mit all seinen versauten Varianten eine Welt der bizarren Sexpraktiken, die nicht mehr wegzudenken sind. Die meisten von Euch sehe es als eine besondere Form von fantasievollen Rollenspielen, wo es um bedingungslose harte Dominanz und absoluter Submission geht.<\/p>\n\n\n\n<p>Besonders in der Vielseitigkeit ist Sadomaso Telefonsex mit keiner der anderen Sexpraktiken zu vergleichen. Weshalb Du hier ausschlie\u00dflich Domina Kontakte findest, die ihre sexuelle Neigung auch bei harten Sadomaso-Sexspielen befriedigen. Ob Du als Neuling zu uns gefunden hast oder als erfahrener Sadomaso Liebhaber, hier findest Du unz\u00e4hlige Sadomaso Telefonkontakte zur besonderen Befriedigung.<\/p>\n\n\n\n<div class=\"wp-block-media-text is-stacked-on-mobile\" style=\"grid-template-columns:85% auto\"><figure class=\"wp-block-media-text__media\"><a href=\"tel:09007104605157\"><img loading=\"lazy\" decoding=\"async\" width=\"800\" height=\"660\" src=\"https:\/\/gratis-erotik.com\/telefonsex-domina\/wp-content\/uploads\/sites\/15\/2025\/03\/T6-peitschen.webp\" alt=\"\" class=\"wp-image-101 size-full\" srcset=\"https:\/\/gratis-erotik.com\/telefonsex-domina\/wp-content\/uploads\/sites\/15\/2025\/03\/T6-peitschen.webp 800w, https:\/\/gratis-erotik.com\/telefonsex-domina\/wp-content\/uploads\/sites\/15\/2025\/03\/T6-peitschen-300x248.webp 300w, https:\/\/gratis-erotik.com\/telefonsex-domina\/wp-content\/uploads\/sites\/15\/2025\/03\/T6-peitschen-768x634.webp 768w\" sizes=\"auto, (max-width: 800px) 100vw, 800px\" \/><\/a><\/figure><div class=\"wp-block-media-text__content\">\n<p><\/p>\n<\/div><\/div>\n\n\n\n<h4 class=\"wp-block-heading\">Sadomaso Telefonsex durch ein BDSM Telefonat<\/h4>\n\n\n\n<p>Bei extremen BDSM Telefonaten wirst Du sicherlich von strengen Dominas erzogen, was f\u00fcr Dich hei\u00dft, Du muss die Schmerzen bis in unertr\u00e4gliche Grenzen aushalten. Diese sadistischen Telefonsex-Frauen warten im Lack Domina Kost\u00fcm in ihren SM Folterkellern auf Dich. Herrschs\u00fcchtige Dominas bestehen da auf Deine Z\u00fcchtigung und erg\u00f6tzen sich am Anblick, wenn bettelnder Kerle wie Du auf die Knie gehen zum, Stiefel lecken. Aber BDSM Telefonerotik ist mehr als Erniedrigung durch Schmerzen. Es geht um die totale Unterwerfung durch harte Ma\u00dfnahmen die absolutes Gehorsam erfordern.<\/p>\n\n\n\n<p>Auf unserem Portal findet ihr unz\u00e4hlige BDSM Partnerinnen, die Euch gef\u00fcgig machen beim Domina Sex am Telefonsex. Gerade die Dominas 30+ sind oftmals auch auf der Suche nach einem privaten Sadomaso Partner. Sie wollen meist ihre sexuellen Neigungen auch in der Realit\u00e4t ausleben. Z\u00f6gere hier nicht, wenn sich die eine Chance bietet auf aufregende bizarre Sadomaso Sex Spiele im privaten Bereich.<\/p>\n\n\n\n<div class=\"wp-block-media-text is-stacked-on-mobile\" style=\"grid-template-columns:85% auto\"><figure class=\"wp-block-media-text__media\"><a href=\"tel:09007104605157\"><img loading=\"lazy\" decoding=\"async\" width=\"800\" height=\"660\" src=\"https:\/\/gratis-erotik.com\/telefonsex-domina\/wp-content\/uploads\/sites\/15\/2025\/03\/T6-BDSM.webp\" alt=\"\" class=\"wp-image-103 size-full\" srcset=\"https:\/\/gratis-erotik.com\/telefonsex-domina\/wp-content\/uploads\/sites\/15\/2025\/03\/T6-BDSM.webp 800w, https:\/\/gratis-erotik.com\/telefonsex-domina\/wp-content\/uploads\/sites\/15\/2025\/03\/T6-BDSM-300x248.webp 300w, https:\/\/gratis-erotik.com\/telefonsex-domina\/wp-content\/uploads\/sites\/15\/2025\/03\/T6-BDSM-768x634.webp 768w\" sizes=\"auto, (max-width: 800px) 100vw, 800px\" \/><\/a><\/figure><div class=\"wp-block-media-text__content\">\n<p><\/p>\n<\/div><\/div>\n\n\n\n<h2 class=\"wp-block-heading\">Harte Telefonsex Domina f\u00fcr Erziehungsspiele <\/h2>\n\n\n\n<p>F\u00fcr gute Erziehungsspiele sucht man sich ja immer eine strenge aber sexy Lehrerin, die einen mit viel H\u00e4rte erzieht. Du bettelst dich bestimmt darum, ein willenlos zu sein? Dann betritt die unbarmherzige Welt von harten Telefonsex-Dominas. Wenn es um strenge Erziehung geht, sind diese Telefonsex-Lehrerinnen wahre Meisterinnen bei der Z\u00fcchtigung b\u00f6ser M\u00e4nner. Mit ihrer dominanten und machtvollen Art werden sie dich zum perfekten Mann erziehen.<\/p>\n\n\n\n<p>Ruf die gnadenlosen Frauen an und sp\u00fcre von der ersten Sekunde an, welche unglaubliche Macht diese strengen Dominas auf Dich auswirken. Auf keinen Fall wirst Du auf den Gedanken kommen, Dich irgendwelchen Anordnungen zu widersetzen. Und falls doch, wirst Du eine besonders harte Bestrafung erleben. Erniedrigungen, wie Du sie niemals vergessen wirst. Ganz sicher erf\u00e4hrst Du das Gef\u00fchl bedingungslosen Gehorsams durch die diese Telefon-Dominas.<\/p>\n\n\n\n<div class=\"wp-block-media-text is-stacked-on-mobile\" style=\"grid-template-columns:85% auto\"><figure class=\"wp-block-media-text__media\"><a href=\"tel:09007104605157\"><img loading=\"lazy\" decoding=\"async\" width=\"800\" height=\"660\" src=\"https:\/\/gratis-erotik.com\/telefonsex-domina\/wp-content\/uploads\/sites\/15\/2025\/03\/T6-Teen.webp\" alt=\"\" class=\"wp-image-102 size-full\" srcset=\"https:\/\/gratis-erotik.com\/telefonsex-domina\/wp-content\/uploads\/sites\/15\/2025\/03\/T6-Teen.webp 800w, https:\/\/gratis-erotik.com\/telefonsex-domina\/wp-content\/uploads\/sites\/15\/2025\/03\/T6-Teen-300x248.webp 300w, https:\/\/gratis-erotik.com\/telefonsex-domina\/wp-content\/uploads\/sites\/15\/2025\/03\/T6-Teen-768x634.webp 768w\" sizes=\"auto, (max-width: 800px) 100vw, 800px\" \/><\/a><\/figure><div class=\"wp-block-media-text__content\">\n<p><\/p>\n<\/div><\/div>\n\n\n\n<h4 class=\"wp-block-heading\">Peinigende Erziehungsspiele wo du dir selbst Schmerzen zuf\u00fchrst<\/h4>\n\n\n\n<p>Magst Du es, wenn Du gepeinigt wirst? Sicherlich werden die meisten der harten Frauen Dich durch peinigende Erziehungsspiele erniedrigen. Du wirst Dir selbst Schmerzen zu f\u00fchren, weil Deine strenge Domina das von Dir verlangt hat. Schmerzvolle Praktiken, von denen Du keine Vorstellungen hattest, dass Du sie aush\u00e4ltst. Deine Dich z\u00fcchtigende Herrin erwartet da absoluter Gehorsamkeit von Dir im Domina Telefonat. Diese peinigenden Erziehungsspiele werden Dich an Deine Grenzen f\u00fchren, wo Du keinerlei eigene Rechte mehr hast. Du wirst da bedingungslos dieser starken Frau gehorchen.<\/p>\n\n\n\n<h3 class=\"wp-block-heading\">Sexuelle Unterwerfung durch Dominante Frauen<\/h3>\n\n\n\n<p>Hier erlebst Du Unterwerfung durch eine Hardcore Domina. Dominante Frauen werden Dich erziehen und Dir vorschreiben, wo es lang geht. Und wehe, Du widersetzt Dich der sexuellen Unterwerfung durch Deine aufregende Herrin.<\/p>\n\n\n\n<p>Viele suchen immer die sexuelle Erniedrigung, wenn sie dominante Frauen anrufen. Sie wollen sich sicher f\u00fchlen und brauchen eine f\u00fchrende Hand, um den perfekten Kick der totalen Demut zu erleben. Als unbarmherzige und herrschs\u00fcchtige Frauen wissen diese ganz genau, was Du zur absoluten sexuellen Erf\u00fcllung brauchst. Die Domina Telefonerotik mit solchen dominanten Frauen bringt Dich in einen Zustand von totaler Demut und Unterwerfung.<\/p>\n\n\n\n<div class=\"wp-block-media-text is-stacked-on-mobile\" style=\"grid-template-columns:85% auto\"><figure class=\"wp-block-media-text__media\"><a href=\"tel:09007104605157\"><img loading=\"lazy\" decoding=\"async\" width=\"800\" height=\"660\" src=\"https:\/\/gratis-erotik.com\/telefonsex-domina\/wp-content\/uploads\/sites\/15\/2025\/03\/T6-sofybrunette.webp\" alt=\"\" class=\"wp-image-22 size-full\" srcset=\"https:\/\/gratis-erotik.com\/telefonsex-domina\/wp-content\/uploads\/sites\/15\/2025\/03\/T6-sofybrunette.webp 800w, https:\/\/gratis-erotik.com\/telefonsex-domina\/wp-content\/uploads\/sites\/15\/2025\/03\/T6-sofybrunette-300x248.webp 300w, https:\/\/gratis-erotik.com\/telefonsex-domina\/wp-content\/uploads\/sites\/15\/2025\/03\/T6-sofybrunette-768x634.webp 768w\" sizes=\"auto, (max-width: 800px) 100vw, 800px\" \/><\/a><\/figure><div class=\"wp-block-media-text__content\">\n<p><\/p>\n<\/div><\/div>\n\n\n\n<h4 class=\"wp-block-heading\">Telefonerotik wo dominante Frauen geile Erfahrungen teilen<\/h4>\n\n\n\n<p>Die bizarren Fantasien von dominante Telefonsex Frauen kennen keine Grenzen. Ob sadistisch oder grausam, ihre Erziehungsspiele sind immer extrem hart. Bei der Telefonerotik mit einer Domina musst Du Dich nur wenige, aber einfache Regeln halten: bedingungsloser Gehorsam und strikte Befolgung ihrer sadistischen W\u00fcnsche.<\/p>\n\n\n\n<p>Die absolute Macht und die extreme Ausstrahlung dieser dominanten Frauen wird Dich mehr als sexuell befriedigen. Die erhabene Dominanz, wenn so geile Dominas Dich beherrschen, \u00fcberstrahlt alles. In jeglicher Hinsicht wirst Du Dich von Deinem alten Leben und Vorstellungen verabschieden, wenn sich diese dominanten <strong><a href=\"https:\/\/telefonsexweiber.webkatalog-thunder.de\/\">Telefonsex Weiber<\/a><\/strong> um Dich k\u00fcmmern. Du musst Dich halt voll und ganz unterwerfen, um Deiner Herrin zu gefallen. Willst Du ihre dominante Art ertragen? Dann ruf an und beweise, dass Du es wert bist.<\/p>\n\n\n\n<h3 class=\"wp-block-heading\">Telefonerziehung durch eine Telefonsex Domina<\/h3>\n\n\n\n<p>Eine Erfahrung was Telefonerziehung kann echt schmerzhaft aber auch erregend zugleich sein. Ganz besonders, wenn Deine Gehorsamspflicht gegen\u00fcber den Dominas nicht perfekt ist. Bei einer Telefondomina hast Du grunds\u00e4tzlich keine Rechte. Durch die Telefonerziehung schaffen Sie es immer Dich total zu unterwerfen. Mit ihrer tabulosen H\u00e4rte und sadistischem Willen unterwerfen Dich die dominanten Frauen.<\/p>\n\n\n\n<p>Um Dich zu qu\u00e4len sowie Deinen Stolz zu brechen, brauchen die meisten Telesex-Dominas keine BDSM Folterinstrumente. Die dominanten Frauen setzen da voll auf geistige Manipulation und wissen ganz genau, mit welchen Worten sie gezielt Deinen Hochmut brechen. Deine Ungehorsamkeit in Demut sowie devotes Verlangen nach mehr erotischer Peinigung umwandeln k\u00f6nnen.<\/p>\n\n\n\n<p>Gebe Dich Deiner Telefonsex-Domina hin und Du bekommst eine versaute Telefonerziehung, die Dich mehr als sexuell stimulieren wird. Sicherlich wirst Du staunen, wenn Dich diese BDSM Partnerinnen in die Welt von bizarren Telefonaten stimulieren. Wenn es darum geht, Dir ihre Macht kompromisslos zu beweisen, entwickeln die Hardcore Dominas bei den Erziehungsspielen eine extreme Fantasie.<\/p>\n\n\n\n<p>Von Anfang an wird Dir die dominante Stimme Deiner Domina knallhart vermitteln, wer bei dieser Art von Telefonerotik mit Erziehungsspiele die wichtige ist. Ganz sicher wirst Du versuchen zu widersprechen. Umso schneller wirst Du eine Besonderheit an Grausamkeiten bei der Telefonerziehung erleben. Einer scharfen Domina bedingungslos zu dienen, hei\u00dft zu 100 Prozent sich ihrem Willen hinzugeben.<\/p>\n\n\n\n<p>Wenn Du dazu bereit bist, zeige Deine Unterw\u00fcrfigkeit und rufe eine der Telefonsex Dominas an. Diese dominanten Frauen werden Dich mit Ihrer Telefonerziehung zu einem willenlosen Kerl machen.<\/p>\n\n\n\n<h3 class=\"wp-block-heading\">Telefonsex Dominas erf\u00fcllen perversen Fantasien<\/h3>\n\n\n\n<p>Wenn Du perversen Fantasien hast und Deine sexuellen Gel\u00fcste mit einer sexy Domina befriedigen m\u00f6chtest, bist Du hier richtig. Unz\u00e4hlige dominante Frauen sind begierig, Deine Fantasien und Sehns\u00fcchte Wirklichkeit werden zu lassen. Ausschlie\u00dflich dominante Weiber mit den sexuellen Neigungen werden sich um Deine perversen Fantasien k\u00fcmmern.<\/p>\n\n\n\n<p>Erlebe hier die Abgr\u00fcnde versauter menschlicher Fantasien und erlebe, wie Telefonsex Dominas diese umsetzen. Beim Domina Telefonsex gibt es keine Regeln oder Tabus nur Gehorsam ist wichtig bei den <strong><a href=\"https:\/\/gratis-erotik.com\/teentelefonsex\/rassige-weiber-fuer-telefonsex\/\">versauten Telefonaten<\/a><\/strong>. Ganz egal welch ausgefallene sexuelle Neigungen Du bei einem bizarren Telefonat erleben magst, hier findest Du die passende SM Partnerinnen, die sich um Deine Neigungen k\u00fcmmert. Sag den dominanten Weibern im Telefonat, was Dich an und erregt und Du Fetisch Fantasien werden schnell erf\u00fcllt. Da hast Du sofort R\u00fcckenwind um eine einzigartige Erfahrung der ganz besonderen Art erlebt.<\/p>\n","protected":false},"excerpt":{"rendered":"<p>Harte Fetisch Telefonerotik mit Dominas Auf diesem Fetischsex Portal f\u00fcr Telefonsex Dominas wird Euch sicherlich schon auf den ersten Blick klar, dass die Damen es hier hart zu Sache gehen lassen und sie mit Leidenschaft ihre dominante Ader ausleben. Die versauten Telefon-Dominas leben mit Euch gemeinsam ihre geilen bizarren Fantasien aus. Da kannst Du extrem [&hellip;]<\/p>\n","protected":false},"author":1,"featured_media":0,"parent":0,"menu_order":0,"comment_status":"closed","ping_status":"closed","template":"","meta":{"footnotes":""},"class_list":["post-9","page","type-page","status-publish","hentry","entry"],"yoast_head":"<!-- This site is optimized with the Yoast SEO plugin v27.6 - https:\/\/yoast.com\/product\/yoast-seo-wordpress\/ -->\n<title>Telefonsex Domina - \ud83d\udcde Telefonsex Domina<\/title>\n<meta name=\"robots\" content=\"index, follow, max-snippet:-1, max-image-preview:large, max-video-preview:-1\" \/>\n<link rel=\"canonical\" href=\"https:\/\/gratis-erotik.com\/telefonsex-domina\/\" \/>\n<meta property=\"og:locale\" content=\"de_DE\" \/>\n<meta property=\"og:type\" content=\"article\" \/>\n<meta property=\"og:title\" content=\"Telefonsex Domina - \ud83d\udcde Telefonsex Domina\" \/>\n<meta property=\"og:description\" content=\"Harte Fetisch Telefonerotik mit Dominas Auf diesem Fetischsex Portal f\u00fcr Telefonsex Dominas wird Euch sicherlich schon auf den ersten Blick klar, dass die Damen es hier hart zu Sache gehen lassen und sie mit Leidenschaft ihre dominante Ader ausleben. Die versauten Telefon-Dominas leben mit Euch gemeinsam ihre geilen bizarren Fantasien aus. Da kannst Du extrem [&hellip;]\" \/>\n<meta property=\"og:url\" content=\"https:\/\/gratis-erotik.com\/telefonsex-domina\/\" \/>\n<meta property=\"og:site_name\" content=\"\ud83d\udcde Telefonsex Domina\" \/>\n<meta property=\"article:modified_time\" content=\"2025-03-23T21:52:52+00:00\" \/>\n<meta property=\"og:image\" content=\"https:\/\/gratis-erotik.com\/telefonsex-domina\/wp-content\/uploads\/sites\/15\/2025\/03\/T6-NattyNat.webp\" \/>\n\t<meta property=\"og:image:width\" content=\"800\" \/>\n\t<meta property=\"og:image:height\" content=\"660\" \/>\n\t<meta property=\"og:image:type\" content=\"image\/webp\" \/>\n<meta name=\"twitter:card\" content=\"summary_large_image\" \/>\n<meta name=\"twitter:label1\" content=\"Gesch\u00e4tzte Lesezeit\" \/>\n\t<meta name=\"twitter:data1\" content=\"11\u00a0Minuten\" \/>\n<script type=\"application\/ld+json\" class=\"yoast-schema-graph\">{\"@context\":\"https:\\\/\\\/schema.org\",\"@graph\":[{\"@type\":\"WebPage\",\"@id\":\"https:\\\/\\\/gratis-erotik.com\\\/telefonsex-domina\\\/\",\"url\":\"https:\\\/\\\/gratis-erotik.com\\\/telefonsex-domina\\\/\",\"name\":\"Telefonsex Domina - \ud83d\udcde Telefonsex Domina\",\"isPartOf\":{\"@id\":\"https:\\\/\\\/gratis-erotik.com\\\/telefonsex-domina\\\/#website\"},\"primaryImageOfPage\":{\"@id\":\"https:\\\/\\\/gratis-erotik.com\\\/telefonsex-domina\\\/#primaryimage\"},\"image\":{\"@id\":\"https:\\\/\\\/gratis-erotik.com\\\/telefonsex-domina\\\/#primaryimage\"},\"thumbnailUrl\":\"https:\\\/\\\/gratis-erotik.com\\\/telefonsex-domina\\\/wp-content\\\/uploads\\\/sites\\\/15\\\/2025\\\/03\\\/T6-NattyNat.webp\",\"datePublished\":\"2025-03-21T02:08:19+00:00\",\"dateModified\":\"2025-03-23T21:52:52+00:00\",\"breadcrumb\":{\"@id\":\"https:\\\/\\\/gratis-erotik.com\\\/telefonsex-domina\\\/#breadcrumb\"},\"inLanguage\":\"de\",\"potentialAction\":[{\"@type\":\"ReadAction\",\"target\":[\"https:\\\/\\\/gratis-erotik.com\\\/telefonsex-domina\\\/\"]}]},{\"@type\":\"ImageObject\",\"inLanguage\":\"de\",\"@id\":\"https:\\\/\\\/gratis-erotik.com\\\/telefonsex-domina\\\/#primaryimage\",\"url\":\"https:\\\/\\\/gratis-erotik.com\\\/telefonsex-domina\\\/wp-content\\\/uploads\\\/sites\\\/15\\\/2025\\\/03\\\/T6-NattyNat.webp\",\"contentUrl\":\"https:\\\/\\\/gratis-erotik.com\\\/telefonsex-domina\\\/wp-content\\\/uploads\\\/sites\\\/15\\\/2025\\\/03\\\/T6-NattyNat.webp\",\"width\":800,\"height\":660},{\"@type\":\"BreadcrumbList\",\"@id\":\"https:\\\/\\\/gratis-erotik.com\\\/telefonsex-domina\\\/#breadcrumb\",\"itemListElement\":[{\"@type\":\"ListItem\",\"position\":1,\"name\":\"Startseite\",\"item\":\"https:\\\/\\\/gratis-erotik.com\\\/telefonsex-domina\\\/\"},{\"@type\":\"ListItem\",\"position\":2,\"name\":\"Telefonsex Domina\"}]},{\"@type\":\"WebSite\",\"@id\":\"https:\\\/\\\/gratis-erotik.com\\\/telefonsex-domina\\\/#website\",\"url\":\"https:\\\/\\\/gratis-erotik.com\\\/telefonsex-domina\\\/\",\"name\":\"\ud83d\udcde Telefonsex Domina\",\"description\":\"Telefonerziehung und SM Fetisch von der Herrin - privat Domina anrufen\",\"potentialAction\":[{\"@type\":\"SearchAction\",\"target\":{\"@type\":\"EntryPoint\",\"urlTemplate\":\"https:\\\/\\\/gratis-erotik.com\\\/telefonsex-domina\\\/?s={search_term_string}\"},\"query-input\":{\"@type\":\"PropertyValueSpecification\",\"valueRequired\":true,\"valueName\":\"search_term_string\"}}],\"inLanguage\":\"de\"}]}<\/script>\n<!-- \/ Yoast SEO plugin. -->","yoast_head_json":{"title":"Telefonsex Domina - \ud83d\udcde Telefonsex Domina","robots":{"index":"index","follow":"follow","max-snippet":"max-snippet:-1","max-image-preview":"max-image-preview:large","max-video-preview":"max-video-preview:-1"},"canonical":"https:\/\/gratis-erotik.com\/telefonsex-domina\/","og_locale":"de_DE","og_type":"article","og_title":"Telefonsex Domina - \ud83d\udcde Telefonsex Domina","og_description":"Harte Fetisch Telefonerotik mit Dominas Auf diesem Fetischsex Portal f\u00fcr Telefonsex Dominas wird Euch sicherlich schon auf den ersten Blick klar, dass die Damen es hier hart zu Sache gehen lassen und sie mit Leidenschaft ihre dominante Ader ausleben. Die versauten Telefon-Dominas leben mit Euch gemeinsam ihre geilen bizarren Fantasien aus. Da kannst Du extrem [&hellip;]","og_url":"https:\/\/gratis-erotik.com\/telefonsex-domina\/","og_site_name":"\ud83d\udcde Telefonsex Domina","article_modified_time":"2025-03-23T21:52:52+00:00","og_image":[{"width":800,"height":660,"url":"https:\/\/gratis-erotik.com\/telefonsex-domina\/wp-content\/uploads\/sites\/15\/2025\/03\/T6-NattyNat.webp","type":"image\/webp"}],"twitter_card":"summary_large_image","twitter_misc":{"Gesch\u00e4tzte Lesezeit":"11\u00a0Minuten"},"schema":{"@context":"https:\/\/schema.org","@graph":[{"@type":"WebPage","@id":"https:\/\/gratis-erotik.com\/telefonsex-domina\/","url":"https:\/\/gratis-erotik.com\/telefonsex-domina\/","name":"Telefonsex Domina - \ud83d\udcde Telefonsex Domina","isPartOf":{"@id":"https:\/\/gratis-erotik.com\/telefonsex-domina\/#website"},"primaryImageOfPage":{"@id":"https:\/\/gratis-erotik.com\/telefonsex-domina\/#primaryimage"},"image":{"@id":"https:\/\/gratis-erotik.com\/telefonsex-domina\/#primaryimage"},"thumbnailUrl":"https:\/\/gratis-erotik.com\/telefonsex-domina\/wp-content\/uploads\/sites\/15\/2025\/03\/T6-NattyNat.webp","datePublished":"2025-03-21T02:08:19+00:00","dateModified":"2025-03-23T21:52:52+00:00","breadcrumb":{"@id":"https:\/\/gratis-erotik.com\/telefonsex-domina\/#breadcrumb"},"inLanguage":"de","potentialAction":[{"@type":"ReadAction","target":["https:\/\/gratis-erotik.com\/telefonsex-domina\/"]}]},{"@type":"ImageObject","inLanguage":"de","@id":"https:\/\/gratis-erotik.com\/telefonsex-domina\/#primaryimage","url":"https:\/\/gratis-erotik.com\/telefonsex-domina\/wp-content\/uploads\/sites\/15\/2025\/03\/T6-NattyNat.webp","contentUrl":"https:\/\/gratis-erotik.com\/telefonsex-domina\/wp-content\/uploads\/sites\/15\/2025\/03\/T6-NattyNat.webp","width":800,"height":660},{"@type":"BreadcrumbList","@id":"https:\/\/gratis-erotik.com\/telefonsex-domina\/#breadcrumb","itemListElement":[{"@type":"ListItem","position":1,"name":"Startseite","item":"https:\/\/gratis-erotik.com\/telefonsex-domina\/"},{"@type":"ListItem","position":2,"name":"Telefonsex Domina"}]},{"@type":"WebSite","@id":"https:\/\/gratis-erotik.com\/telefonsex-domina\/#website","url":"https:\/\/gratis-erotik.com\/telefonsex-domina\/","name":"\ud83d\udcde Telefonsex Domina","description":"Telefonerziehung und SM Fetisch von der Herrin - privat Domina anrufen","potentialAction":[{"@type":"SearchAction","target":{"@type":"EntryPoint","urlTemplate":"https:\/\/gratis-erotik.com\/telefonsex-domina\/?s={search_term_string}"},"query-input":{"@type":"PropertyValueSpecification","valueRequired":true,"valueName":"search_term_string"}}],"inLanguage":"de"}]}},"_links":{"self":[{"href":"https:\/\/gratis-erotik.com\/telefonsex-domina\/wp-json\/wp\/v2\/pages\/9","targetHints":{"allow":["GET"]}}],"collection":[{"href":"https:\/\/gratis-erotik.com\/telefonsex-domina\/wp-json\/wp\/v2\/pages"}],"about":[{"href":"https:\/\/gratis-erotik.com\/telefonsex-domina\/wp-json\/wp\/v2\/types\/page"}],"author":[{"embeddable":true,"href":"https:\/\/gratis-erotik.com\/telefonsex-domina\/wp-json\/wp\/v2\/users\/1"}],"replies":[{"embeddable":true,"href":"https:\/\/gratis-erotik.com\/telefonsex-domina\/wp-json\/wp\/v2\/comments?post=9"}],"version-history":[{"count":52,"href":"https:\/\/gratis-erotik.com\/telefonsex-domina\/wp-json\/wp\/v2\/pages\/9\/revisions"}],"predecessor-version":[{"id":115,"href":"https:\/\/gratis-erotik.com\/telefonsex-domina\/wp-json\/wp\/v2\/pages\/9\/revisions\/115"}],"wp:attachment":[{"href":"https:\/\/gratis-erotik.com\/telefonsex-domina\/wp-json\/wp\/v2\/media?parent=9"}],"curies":[{"name":"wp","href":"https:\/\/api.w.org\/{rel}","templated":true}]}}